{"id":1362,"date":"2025-08-28T02:53:58","date_gmt":"2025-08-28T02:53:58","guid":{"rendered":"https:\/\/winelandsmendoza.com\/?page_id=1362"},"modified":"2025-09-12T20:14:54","modified_gmt":"2025-09-12T20:14:54","slug":"hotel","status":"publish","type":"page","link":"https:\/\/winelandsmendoza.com\/en\/hotel\/","title":{"rendered":"hotel"},"content":{"rendered":"<div class=\"wp-block-uagb-container uagb-block-71fc7b63 alignfull uagb-is-root-container\"><div class=\"uagb-container-inner-blocks-wrap\">\n<div class=\"wp-block-uagb-info-box uagb-block-9bc08d4a uagb-infobox__content-wrap  uagb-infobox-icon-above-title uagb-infobox-image-valign-top wp-block-uagb-info-box--has-margin\"><div class=\"uagb-infobox-margin-wrapper\"><div class=\"uagb-ifb-content\"><div class=\"uagb-ifb-title-wrap\"><h3 class=\"uagb-ifb-title\">HOTEL BOUTIQUE<\/h3><\/div><p class=\"uagb-ifb-desc\">WHERE WINE IS THE PROTAGONIST<\/p><div class=\"uagb-ifb-button-wrapper wp-block-button\"><a href=\"#hotel\" class=\"uagb-infobox-cta-link wp-block-button__link\" target=\"_self\" rel=\"noopener noreferrer\" onclick=\"return true;\"><span class=\"uagb-inline-editing\">SEE MORE<\/span><\/a><\/div><\/div><\/div><\/div>\n<\/div><\/div>\n\n\n\n<div data-aos= \"flip-up\" data-aos-duration=\"400\" data-aos-delay=\"0\" data-aos-easing=\"ease\" data-aos-once=\"true\" id=\"hotel\" class=\"wp-block-uagb-container uagb-block-4a2f27f3 alignfull uagb-is-root-container\"><div class=\"uagb-container-inner-blocks-wrap\">\n<div class=\"wp-block-uagb-advanced-heading uagb-block-c5194817\"><h2 class=\"uagb-heading-text\">AUBERGE DU VIN BY MARRIOTT<\/h2><\/div>\n\n\n\n<div class=\"wp-block-uagb-container uagb-layout-flex uagb-block-4d56ec35\">\n<div class=\"wp-block-uagb-container uagb-layout-flex uagb-block-be1ffd82\">\n<div class=\"wp-block-uagb-image uagb-block-9dbba2bc wp-block-uagb-image--layout-default wp-block-uagb-image--effect-static wp-block-uagb-image--align-none\"><figure class=\"wp-block-uagb-image__figure\"><img loading=\"lazy\" decoding=\"async\" srcset=\"https:\/\/winelandsmendoza.com\/wp-content\/uploads\/2025\/09\/g2392.png ,https:\/\/winelandsmendoza.com\/wp-content\/uploads\/2025\/09\/g2392.png 780w, https:\/\/winelandsmendoza.com\/wp-content\/uploads\/2025\/09\/g2392.png 360w\" sizes=\"auto, (max-width: 480px) 150px\" src=\"https:\/\/winelandsmendoza.com\/wp-content\/uploads\/2025\/09\/g2392.png\" alt=\"\" class=\"uag-image-2347\" width=\"428\" height=\"428\" title=\"g2392\" role=\"img\"\/><\/figure><\/div>\n<\/div>\n\n\n\n<div class=\"wp-block-uagb-container uagb-block-923b5eeb\">\n<div class=\"wp-block-uagb-advanced-heading uagb-block-821ef191\"><p class=\"uagb-desc-text\"><strong>Auberge du Vin<\/strong> invites you to enjoy a unique experience of rest and connection with nature, surrounded by vineyards and the impressive landscapes of the <strong>Cordillera de los Andes<\/strong>.<\/p><\/div>\n\n\n\n<div class=\"wp-block-uagb-advanced-heading uagb-block-25316f28\"><p class=\"uagb-desc-text\">This exclusive boutique hotel combines the charm of wine with the comfort of its <strong>suites with panoramic views<\/strong>, a gourmet gastronomic proposal and wellness services.<\/p><\/div>\n<\/div>\n<\/div>\n<\/div><\/div>\n\n\n\n<div class=\"wp-block-uagb-container uagb-block-b8a4fd3b alignfull uagb-is-root-container\"><div class=\"uagb-container-inner-blocks-wrap\">\n<div data-aos= \"flip-left\" data-aos-duration=\"400\" data-aos-delay=\"0\" data-aos-easing=\"ease\" data-aos-once=\"true\" class=\"wp-block-uagb-container uagb-block-a0fcd8d3\">\n<div class=\"wp-block-uagb-container uagb-block-a79b1b3c\">\n<div class=\"wp-block-uagb-info-box uagb-block-b947e4a6 uagb-infobox__content-wrap  uagb-infobox-icon-above-title uagb-infobox-image-valign-top\"><div class=\"uagb-ifb-content\"><div class=\"uagb-ifb-title-wrap\"><h3 class=\"uagb-ifb-title\">Experience Auberge du Vin<\/h3><\/div><p class=\"uagb-ifb-desc\">Relax among vineyards and mountains in a boutique hotel that combines the charm of wine with panoramic suites, gourmet cuisine, and wellness services.<\/p><div class=\"uagb-ifb-button-wrapper wp-block-button\"><a href=\"https:\/\/www.marriott.com\/es\/search\/findHotels.mi?pageType=advanced&amp;searchType=InCity&amp;destinationAddress.latitude=-33.3842974&amp;destinationAddress.longitude=-69.240175&amp;destinationAddress.destination=Auberge+du+Vin+a+Tribute+Portfolio+Hotel+Tupungato&amp;nst=paid&amp;cid=PAI_GLB0004N15_GLE000ARON_GLF000M11O&amp;ppc=ppc&amp;pId=rztbppc&amp;gclsrc=aw.ds&amp;gad_source=1&amp;gad_campaignid=10520901320&amp;gbraid=0AAAAADilnifNp97TzyVhm8NrwFRv_jJLb&amp;gclid=Cj0KCQjwzOvEBhDVARIsADHfJJROyPpn_VUxw0fb0HPirCKsF793kmF8pCcqPGbOdte-3UcwVc-43nkaAu9hEALw_wcB&amp;deviceType=desktop-web&amp;view=list#\/0\/\" class=\"uagb-infobox-cta-link wp-block-button__link\" target=\"_blank\" rel=\"noopener noreferrer\" onclick=\"return true;\"><span class=\"uagb-inline-editing\">Book now<\/span><\/a><\/div><\/div><\/div>\n<\/div>\n\n\n\n<div class=\"wp-block-uagb-container uagb-block-810dd215\">\n<div class=\"wp-block-uagb-image uagb-block-ec2bf2de wp-block-uagb-image--layout-default wp-block-uagb-image--effect-static wp-block-uagb-image--align-none\"><figure class=\"wp-block-uagb-image__figure\"><img loading=\"lazy\" decoding=\"async\" srcset=\"https:\/\/winelandsmendoza.com\/wp-content\/uploads\/2025\/09\/g2420.png ,https:\/\/winelandsmendoza.com\/wp-content\/uploads\/2025\/09\/g2420.png 780w, https:\/\/winelandsmendoza.com\/wp-content\/uploads\/2025\/09\/g2420-1024x776.png 360w\" sizes=\"auto, (max-width: 480px) 150px\" src=\"https:\/\/winelandsmendoza.com\/wp-content\/uploads\/2025\/09\/g2420.png\" alt=\"\" class=\"uag-image-2365\" width=\"600\" height=\"300\" title=\"hotel\" role=\"img\"\/><\/figure><\/div>\n<\/div>\n<\/div>\n<\/div><\/div>\n\n\n\n<div data-aos= \"fade-up\" data-aos-duration=\"400\" data-aos-delay=\"0\" data-aos-easing=\"ease\" data-aos-once=\"true\" class=\"wp-block-uagb-container uagb-block-1e1bd69e alignfull uagb-is-root-container\"><div class=\"uagb-container-inner-blocks-wrap\">\n<div class=\"wp-block-uagb-advanced-heading uagb-block-e86d6f9e\"><h2 class=\"uagb-heading-text\">HOTEL DEL GOLF<\/h2><p class=\"uagb-desc-text\">The construction of a <strong>60-room luxury hotel<\/strong> to accommodate all golfers who want to enjoy this unique and unrepeatable golf course within the <strong>first wine resort in Argentina<\/strong>.<\/p><\/div>\n\n\n\n<div class=\"wp-block-uagb-container uagb-layout-flex uagb-block-17c720c1\">\t\t\t\t\t<div\n\t\t\t\t\t\tclass=\"wp-block-uagb-image-gallery uagb-block-cd686e7b\"\n\t\t\t\t\t\tstyle=\"\"\n\t\t\t\t\t>\n\t\t\t\t\t\t\t\t\t\t\t<div class=\"spectra-image-gallery spectra-image-gallery__layout--grid spectra-image-gallery__layout--grid-col-2 spectra-image-gallery__layout--grid-col-tab-2 spectra-image-gallery__layout--grid-col-mob-1\">\n\t\t\t\t\t\t\t\t\t\t\t<div class='spectra-image-gallery__media-wrapper' data-spectra-gallery-image-id='2423' tabindex=\"0\">\n\t\t\t\t\t\t\t<div class=\"spectra-image-gallery__media spectra-image-gallery__media--grid\">\n\t\t\t\t<picture>\n\t\t\t\t\t<source media=\"(min-width: 1024px)\" srcset=\"https:\/\/winelandsmendoza.com\/wp-content\/uploads\/2025\/09\/g2439.png\">\n\t\t\t\t\t<source media=\"(min-width: 768px)\" srcset=\"https:\/\/winelandsmendoza.com\/wp-content\/uploads\/2025\/09\/g2439.png\">\n\t\t\t\t\t<img decoding=\"async\" class=\"spectra-image-gallery__media-thumbnail spectra-image-gallery__media-thumbnail--grid\" src=\"https:\/\/winelandsmendoza.com\/wp-content\/uploads\/2025\/09\/g2439.png\" alt=\"\" loading=\"lazy\" \/>\n\t\t\t\t<\/picture>\n\t\t\t\t<div class=\"spectra-image-gallery__media-thumbnail-blurrer\"><\/div>\n\t\t\t\t\t\t\t\t\t\t\t<div class=\"spectra-image-gallery__media-thumbnail-caption-wrapper spectra-image-gallery__media-thumbnail-caption-wrapper--overlay\"><\/div>\n\t\t\t\t\t\t\t\t<\/div>\n\t\t\t\t\t\t<\/div>\n\t\t\t\t\t\t<div class='spectra-image-gallery__media-wrapper' data-spectra-gallery-image-id='2424' tabindex=\"0\">\n\t\t\t\t\t\t\t<div class=\"spectra-image-gallery__media spectra-image-gallery__media--grid\">\n\t\t\t\t<picture>\n\t\t\t\t\t<source media=\"(min-width: 1024px)\" srcset=\"https:\/\/winelandsmendoza.com\/wp-content\/uploads\/2025\/09\/g2538.png\">\n\t\t\t\t\t<source media=\"(min-width: 768px)\" srcset=\"https:\/\/winelandsmendoza.com\/wp-content\/uploads\/2025\/09\/g2538.png\">\n\t\t\t\t\t<img decoding=\"async\" class=\"spectra-image-gallery__media-thumbnail spectra-image-gallery__media-thumbnail--grid\" src=\"https:\/\/winelandsmendoza.com\/wp-content\/uploads\/2025\/09\/g2538.png\" alt=\"\" loading=\"lazy\" \/>\n\t\t\t\t<\/picture>\n\t\t\t\t<div class=\"spectra-image-gallery__media-thumbnail-blurrer\"><\/div>\n\t\t\t\t\t\t\t\t\t\t\t<div class=\"spectra-image-gallery__media-thumbnail-caption-wrapper spectra-image-gallery__media-thumbnail-caption-wrapper--overlay\"><\/div>\n\t\t\t\t\t\t\t\t<\/div>\n\t\t\t\t\t\t<\/div>\n\t\t\t\t\t\t\t\t\t\t<\/div>\n\t\t\t\t\t\t\t\t\t\t\t\t\t\t\t\t\t\t<\/div>\n\t\t\t\t\t\t\t\t\t\t\t<div class='spectra-image-gallery__control-lightbox' tabindex='0'>\n\t\t\t\t\t\t\t\t\t\t\t<div class=\"swiper spectra-image-gallery__control-lightbox--main\" dir=\"\">\n\t\t\t\t\t<div class=\"swiper-wrapper\">\n\t\t\t\t\t\t\t\t\t\t\t\t\t\n\t\t\t\t\t\t\t<div class=\"swiper-slide\">\n\t\t\t\t\t\t\t\t<img class=\"swiper-lazy\" data-src=\"https:\/\/winelandsmendoza.com\/wp-content\/uploads\/2025\/09\/g2439.png\" alt=\"\"\/>\n\t\t\t\t\t\t\t\t<div class=\"swiper-lazy-preloader swiper-lazy-preloader-white\"><\/div>\n\t\t\t\t\t\t\t\t\t\t\t\t\t\t\t<\/div>\n\t\t\t\t\t\t\t\t\t\t\t\t\t\n\t\t\t\t\t\t\t<div class=\"swiper-slide\">\n\t\t\t\t\t\t\t\t<img class=\"swiper-lazy\" data-src=\"https:\/\/winelandsmendoza.com\/wp-content\/uploads\/2025\/09\/g2538.png\" alt=\"\"\/>\n\t\t\t\t\t\t\t\t<div class=\"swiper-lazy-preloader swiper-lazy-preloader-white\"><\/div>\n\t\t\t\t\t\t\t\t\t\t\t\t\t\t\t<\/div>\n\t\t\t\t\t\t\t\t\t\t\t<\/div>\n\t\t\t\t\t<div class=\"swiper-button-next\"><\/div>\n\t\t\t\t\t<div class=\"swiper-button-prev\"><\/div>\n\t\t\t\t<\/div>\t\t\t\n\t\t\t\t\t\t\t\t\t\t\t\t\t\t\t\t\t\t\t\t\t\t\t\t\t\t\t\t\t\t\t\t<button class='spectra-image-gallery__control-lightbox--close' aria-label=\"Close\">\n\t\t\t\t\t\t\t\t\t\t\t\t\t<svg xmlns=\"https:\/\/www.w3.org\/2000\/svg\" viewbox= \"0 0 320 512\"><path d=\"M310.6 361.4c12.5 12.5 12.5 32.75 0 45.25C304.4 412.9 296.2 416 288 416s-16.38-3.125-22.62-9.375L160 301.3L54.63 406.6C48.38 412.9 40.19 416 32 416S15.63 412.9 9.375 406.6c-12.5-12.5-12.5-32.75 0-45.25l105.4-105.4L9.375 150.6c-12.5-12.5-12.5-32.75 0-45.25s32.75-12.5 45.25 0L160 210.8l105.4-105.4c12.5-12.5 32.75-12.5 45.25 0s12.5 32.75 0 45.25l-105.4 105.4L310.6 361.4z\"><\/path><\/svg>\n\t\t\t\t\t\t\t\t\t\t\t\t<\/button>\n\t\t\t\t\t\t\t\t\t\t\t\t\t<\/div>\n\t\t\t\t\t\t\t\t\t<\/div>\n<\/div><\/div>","protected":false},"excerpt":{"rendered":"<p>AUBERGE DU VIN BY MARRIOTT Auberge du Vin invita a disfrutar una experiencia \u00fanica de descanso y conexi\u00f3n con la naturaleza, rodeado de vi\u00f1edos y de los imponentes paisajes de la Cordillera de los Andes. Este exclusivo hotel boutique combina el encanto del vino con el confort de sus suites con vistas panor\u00e1micas, una propuesta [&hellip;]<\/p>","protected":false},"author":1,"featured_media":0,"parent":0,"menu_order":0,"comment_status":"closed","ping_status":"closed","template":"","meta":{"_eb_attr":"","_uag_custom_page_level_css":"","site-sidebar-layout":"default","site-content-layout":"","ast-site-content-layout":"full-width-container","site-content-style":"default","site-sidebar-style":"default","ast-global-header-display":"","ast-banner-title-visibility":"","ast-main-header-display":"","ast-hfb-above-header-display":"","ast-hfb-below-header-display":"","ast-hfb-mobile-header-display":"","site-post-title":"disabled","ast-breadcrumbs-content":"","ast-featured-img":"","footer-sml-layout":"","ast-disable-related-posts":"","theme-transparent-header-meta":"disabled","adv-header-id-meta":"","stick-header-meta":"","header-above-stick-meta":"","header-main-stick-meta":"","header-below-stick-meta":"","astra-migrate-meta-layouts":"set","ast-page-background-enabled":"default","ast-page-background-meta":{"desktop":{"background-color":"","background-image":"","background-repeat":"repeat","background-position":"center center","background-size":"auto","background-attachment":"scroll","background-type":"","background-media":"","overlay-type":"","overlay-color":"","overlay-opacity":"","overlay-gradient":""},"tablet":{"background-color":"","background-image":"","background-repeat":"repeat","background-position":"center center","background-size":"auto","background-attachment":"scroll","background-type":"","background-media":"","overlay-type":"","overlay-color":"","overlay-opacity":"","overlay-gradient":""},"mobile":{"background-color":"","background-image":"","background-repeat":"repeat","background-position":"center center","background-size":"auto","background-attachment":"scroll","background-type":"","background-media":"","overlay-type":"","overlay-color":"","overlay-opacity":"","overlay-gradient":""}},"ast-content-background-meta":{"desktop":{"background-color":"var(--ast-global-color-5)","background-image":"","background-repeat":"repeat","background-position":"center center","background-size":"auto","background-attachment":"scroll","background-type":"","background-media":"","overlay-type":"","overlay-color":"","overlay-opacity":"","overlay-gradient":""},"tablet":{"background-color":"var(--ast-global-color-5)","background-image":"","background-repeat":"repeat","background-position":"center center","background-size":"auto","background-attachment":"scroll","background-type":"","background-media":"","overlay-type":"","overlay-color":"","overlay-opacity":"","overlay-gradient":""},"mobile":{"background-color":"var(--ast-global-color-5)","background-image":"","background-repeat":"repeat","background-position":"center center","background-size":"auto","background-attachment":"scroll","background-type":"","background-media":"","overlay-type":"","overlay-color":"","overlay-opacity":"","overlay-gradient":""}},"footnotes":""},"class_list":["post-1362","page","type-page","status-publish","hentry"],"uagb_featured_image_src":{"full":false,"thumbnail":false,"medium":false,"medium_large":false,"large":false,"1536x1536":false,"2048x2048":false,"trp-custom-language-flag":false},"uagb_author_info":{"display_name":"winlansmdz@gmail.com","author_link":"https:\/\/winelandsmendoza.com\/en\/author\/winlansmdzgmail-com\/"},"uagb_comment_info":0,"uagb_excerpt":"AUBERGE DU VIN BY MARRIOTT Auberge du Vin invita a disfrutar una experiencia \u00fanica de descanso y conexi\u00f3n con la naturaleza, rodeado de vi\u00f1edos y de los imponentes paisajes de la Cordillera de los Andes. Este exclusivo hotel boutique combina el encanto del vino con el confort de sus suites con vistas panor\u00e1micas, una propuesta&hellip;","_links":{"self":[{"href":"https:\/\/winelandsmendoza.com\/en\/wp-json\/wp\/v2\/pages\/1362","targetHints":{"allow":["GET"]}}],"collection":[{"href":"https:\/\/winelandsmendoza.com\/en\/wp-json\/wp\/v2\/pages"}],"about":[{"href":"https:\/\/winelandsmendoza.com\/en\/wp-json\/wp\/v2\/types\/page"}],"author":[{"embeddable":true,"href":"https:\/\/winelandsmendoza.com\/en\/wp-json\/wp\/v2\/users\/1"}],"replies":[{"embeddable":true,"href":"https:\/\/winelandsmendoza.com\/en\/wp-json\/wp\/v2\/comments?post=1362"}],"version-history":[{"count":77,"href":"https:\/\/winelandsmendoza.com\/en\/wp-json\/wp\/v2\/pages\/1362\/revisions"}],"predecessor-version":[{"id":2638,"href":"https:\/\/winelandsmendoza.com\/en\/wp-json\/wp\/v2\/pages\/1362\/revisions\/2638"}],"wp:attachment":[{"href":"https:\/\/winelandsmendoza.com\/en\/wp-json\/wp\/v2\/media?parent=1362"}],"curies":[{"name":"wp","href":"https:\/\/api.w.org\/{rel}","templated":true}]}}