{"id":915,"date":"2025-08-28T01:42:02","date_gmt":"2025-08-28T01:42:02","guid":{"rendered":"https:\/\/winelandsmendoza.com\/services\/"},"modified":"2025-09-12T20:10:48","modified_gmt":"2025-09-12T20:10:48","slug":"gastronomia","status":"publish","type":"page","link":"https:\/\/winelandsmendoza.com\/en\/gastronomia\/","title":{"rendered":"Gastronomy"},"content":{"rendered":"<div class=\"wp-block-uagb-container uagb-block-71fc7b63 alignfull uagb-is-root-container\"><div class=\"uagb-container-inner-blocks-wrap\">\n<div class=\"wp-block-uagb-info-box uagb-block-9bc08d4a uagb-infobox__content-wrap  uagb-infobox-icon-above-title uagb-infobox-image-valign-top wp-block-uagb-info-box--has-margin\"><div class=\"uagb-infobox-margin-wrapper\"><div class=\"uagb-ifb-content\"><div class=\"uagb-ifb-title-wrap\"><h3 class=\"uagb-ifb-title\">GASTRONOMY<\/h3><\/div><div class=\"uagb-ifb-button-wrapper wp-block-button\"><a href=\"#ruda\" class=\"uagb-infobox-cta-link wp-block-button__link\" target=\"_self\" rel=\"noopener noreferrer\" onclick=\"return true;\"><span class=\"uagb-inline-editing\">SEE MORE<\/span><\/a><\/div><\/div><\/div><\/div>\n<\/div><\/div>\n\n\n\n<div data-aos= \"flip-up\" data-aos-duration=\"400\" data-aos-delay=\"0\" data-aos-easing=\"ease\" data-aos-once=\"true\" id=\"ruda\" class=\"wp-block-uagb-container uagb-block-d0321bf3 alignfull uagb-is-root-container\"><div class=\"uagb-container-inner-blocks-wrap\">\n<div class=\"wp-block-uagb-advanced-heading uagb-block-cd2f40ab\"><h2 class=\"uagb-heading-text\">SIGNATURE CUISINE WITH A MENDOZA SOUL<\/h2><\/div>\n\n\n\n<div class=\"wp-block-uagb-container uagb-block-713a2bf3\">\n<div class=\"wp-block-uagb-container uagb-block-80510f13\">\n<div class=\"wp-block-uagb-image uagb-block-e3117cb5 wp-block-uagb-image--layout-default wp-block-uagb-image--effect-static wp-block-uagb-image--align-none\"><figure class=\"wp-block-uagb-image__figure\"><img loading=\"lazy\" decoding=\"async\" srcset=\"https:\/\/winelandsmendoza.com\/wp-content\/uploads\/2025\/09\/PORTADA-Ruda-Cocina1-1024x819-1.jpg ,https:\/\/winelandsmendoza.com\/wp-content\/uploads\/2025\/09\/PORTADA-Ruda-Cocina1-1024x819-1.jpg 780w, https:\/\/winelandsmendoza.com\/wp-content\/uploads\/2025\/09\/PORTADA-Ruda-Cocina1-1024x819-1.jpg 360w\" sizes=\"auto, (max-width: 480px) 150px\" src=\"https:\/\/winelandsmendoza.com\/wp-content\/uploads\/2025\/09\/PORTADA-Ruda-Cocina1-1024x819-1.jpg\" alt=\"\" class=\"uag-image-2296\" width=\"1024\" height=\"819\" title=\"PORTADA-Ruda-Cocina1-1024x819\" role=\"img\"\/><\/figure><\/div>\n<\/div>\n\n\n\n<div class=\"wp-block-uagb-container uagb-block-be08aacb\">\n<div class=\"wp-block-uagb-advanced-heading uagb-block-05b2f257\"><h2 class=\"uagb-heading-text\">RUDA<\/h2><p class=\"uagb-desc-text\">Located in the heart of <strong>Winelands<\/strong> <strong>Mendoza<\/strong>, <strong>Ruda<\/strong> was born from the hand of <strong>Camila Cerezo Pawlak<\/strong> and <strong>Gast\u00f3n Trama<\/strong>.<\/p><\/div>\n\n\n\n<div class=\"wp-block-uagb-advanced-heading uagb-block-279aad90\"><p class=\"uagb-desc-text\">His proposal is based on the use of<strong> productos regionales y de estaci\u00f3n<\/strong>, prepared in sharing dishes and paired with a careful selection of the best <strong>Mendoza wine labels<\/strong>.<\/p><\/div>\n<\/div>\n<\/div>\n<\/div><\/div>\n\n\n\n<div data-aos= \"fade-up\" data-aos-duration=\"400\" data-aos-delay=\"0\" data-aos-easing=\"ease\" data-aos-once=\"true\" class=\"wp-block-uagb-container uagb-block-55edff97 alignfull uagb-is-root-container\"><div class=\"uagb-container-inner-blocks-wrap\">\n<div class=\"wp-block-uagb-container uagb-block-03dfd3ea\">\n<div class=\"wp-block-uagb-advanced-heading uagb-block-2f0d9e88\"><h2 class=\"uagb-heading-text\">Elevated between hills, with incomparable views and an atmosphere that evokes an oasis in the middle of the mountains, this <strong>gourmet space<\/strong> It is distinguished by its unique charm.<\/h2><\/div>\n<\/div>\n\n\n\n<div class=\"wp-block-uagb-container uagb-block-a3cf3bc3\">\n<div class=\"wp-block-uagb-image aligncenter uagb-block-ce9c136c wp-block-uagb-image--layout-default wp-block-uagb-image--effect-static wp-block-uagb-image--align-center\"><figure class=\"wp-block-uagb-image__figure\"><img loading=\"lazy\" decoding=\"async\" srcset=\"https:\/\/winelandsmendoza.com\/wp-content\/uploads\/2025\/08\/g2247.png ,https:\/\/winelandsmendoza.com\/wp-content\/uploads\/2025\/08\/g2247.png 780w, https:\/\/winelandsmendoza.com\/wp-content\/uploads\/2025\/08\/g2247.png 360w\" sizes=\"auto, (max-width: 480px) 150px\" src=\"https:\/\/winelandsmendoza.com\/wp-content\/uploads\/2025\/08\/g2247.png\" alt=\"\" class=\"uag-image-1867\" width=\"1200\" height=\"600\" title=\"g2247\" role=\"img\"\/><\/figure><\/div>\n<\/div>\n<\/div><\/div>\n\n\n\n<div data-aos= \"flip-left\" data-aos-duration=\"400\" data-aos-delay=\"0\" data-aos-easing=\"ease\" data-aos-once=\"true\" class=\"wp-block-uagb-container uagb-block-e562e6b9 alignfull uagb-is-root-container\"><div class=\"uagb-container-inner-blocks-wrap\">\n<div class=\"wp-block-uagb-container uagb-block-7c504b17 alignfull uagb-is-root-container\">\n<div class=\"wp-block-uagb-call-to-action uagb-block-0d4ddc0f wp-block-button\"><div class=\"uagb-cta__wrap\"><h3 class=\"uagb-cta__title\">Experience signature cuisine in the Winelands<\/h3><p class=\"uagb-cta__desc\">Seasonal flavors, regional products, and unique pairings with the finest local wines, in a setting that combines mountains, vineyards, and hospitality.<\/p><\/div><div class=\"uagb-cta__buttons\"><a href=\"https:\/\/linktr.ee\/RudaCocina\" class=\"uagb-cta__button-link-wrapper wp-block-button__link\" target=\"_blank\" rel=\"noopener noreferrer\">RESERVE NOW<\/a><\/div><\/div>\n<\/div>\n<\/div><\/div>","protected":false},"excerpt":{"rendered":"<p>COCINA DE AUTOR CON ALMA MENDOCINA RUDA Ubicado en el coraz\u00f3n de Winelands Mendoza, Ruda naci\u00f3 de la mano de Camila Cerezo Pawlak y Gast\u00f3n Trama. Su propuesta se basa en el uso de productos regionales y de estaci\u00f3n, elaborados en platos para compartir y maridados con una cuidada selecci\u00f3n de las mejores etiquetas de [&hellip;]<\/p>","protected":false},"author":1,"featured_media":0,"parent":0,"menu_order":0,"comment_status":"closed","ping_status":"closed","template":"","meta":{"_eb_attr":"","_uag_custom_page_level_css":"","site-sidebar-layout":"no-sidebar","site-content-layout":"plain-container","ast-site-content-layout":"full-width-container","site-content-style":"unboxed","site-sidebar-style":"unboxed","ast-global-header-display":"","ast-banner-title-visibility":"","ast-main-header-display":"","ast-hfb-above-header-display":"","ast-hfb-below-header-display":"","ast-hfb-mobile-header-display":"","site-post-title":"disabled","ast-breadcrumbs-content":"","ast-featured-img":"","footer-sml-layout":"","ast-disable-related-posts":"","theme-transparent-header-meta":"disabled","adv-header-id-meta":"","stick-header-meta":"","header-above-stick-meta":"","header-main-stick-meta":"","header-below-stick-meta":"","astra-migrate-meta-layouts":"set","ast-page-background-enabled":"default","ast-page-background-meta":{"desktop":{"background-color":"","background-image":"","background-repeat":"repeat","background-position":"center center","background-size":"auto","background-attachment":"scroll","background-type":"","background-media":"","overlay-type":"","overlay-color":"","overlay-opacity":"","overlay-gradient":""},"tablet":{"background-color":"","background-image":"","background-repeat":"repeat","background-position":"center center","background-size":"auto","background-attachment":"scroll","background-type":"","background-media":"","overlay-type":"","overlay-color":"","overlay-opacity":"","overlay-gradient":""},"mobile":{"background-color":"","background-image":"","background-repeat":"repeat","background-position":"center center","background-size":"auto","background-attachment":"scroll","background-type":"","background-media":"","overlay-type":"","overlay-color":"","overlay-opacity":"","overlay-gradient":""}},"ast-content-background-meta":{"desktop":{"background-color":"var(--ast-global-color-5)","background-image":"","background-repeat":"repeat","background-position":"center center","background-size":"auto","background-attachment":"scroll","background-type":"","background-media":"","overlay-type":"","overlay-color":"","overlay-opacity":"","overlay-gradient":""},"tablet":{"background-color":"var(--ast-global-color-5)","background-image":"","background-repeat":"repeat","background-position":"center center","background-size":"auto","background-attachment":"scroll","background-type":"","background-media":"","overlay-type":"","overlay-color":"","overlay-opacity":"","overlay-gradient":""},"mobile":{"background-color":"var(--ast-global-color-5)","background-image":"","background-repeat":"repeat","background-position":"center center","background-size":"auto","background-attachment":"scroll","background-type":"","background-media":"","overlay-type":"","overlay-color":"","overlay-opacity":"","overlay-gradient":""}},"footnotes":""},"class_list":["post-915","page","type-page","status-publish","hentry"],"uagb_featured_image_src":{"full":false,"thumbnail":false,"medium":false,"medium_large":false,"large":false,"1536x1536":false,"2048x2048":false,"trp-custom-language-flag":false},"uagb_author_info":{"display_name":"winlansmdz@gmail.com","author_link":"https:\/\/winelandsmendoza.com\/en\/author\/winlansmdzgmail-com\/"},"uagb_comment_info":0,"uagb_excerpt":"COCINA DE AUTOR CON ALMA MENDOCINA RUDA Ubicado en el coraz\u00f3n de Winelands Mendoza, Ruda naci\u00f3 de la mano de Camila Cerezo Pawlak y Gast\u00f3n Trama. Su propuesta se basa en el uso de productos regionales y de estaci\u00f3n, elaborados en platos para compartir y maridados con una cuidada selecci\u00f3n de las mejores etiquetas de&hellip;","_links":{"self":[{"href":"https:\/\/winelandsmendoza.com\/en\/wp-json\/wp\/v2\/pages\/915","targetHints":{"allow":["GET"]}}],"collection":[{"href":"https:\/\/winelandsmendoza.com\/en\/wp-json\/wp\/v2\/pages"}],"about":[{"href":"https:\/\/winelandsmendoza.com\/en\/wp-json\/wp\/v2\/types\/page"}],"author":[{"embeddable":true,"href":"https:\/\/winelandsmendoza.com\/en\/wp-json\/wp\/v2\/users\/1"}],"replies":[{"embeddable":true,"href":"https:\/\/winelandsmendoza.com\/en\/wp-json\/wp\/v2\/comments?post=915"}],"version-history":[{"count":48,"href":"https:\/\/winelandsmendoza.com\/en\/wp-json\/wp\/v2\/pages\/915\/revisions"}],"predecessor-version":[{"id":2641,"href":"https:\/\/winelandsmendoza.com\/en\/wp-json\/wp\/v2\/pages\/915\/revisions\/2641"}],"wp:attachment":[{"href":"https:\/\/winelandsmendoza.com\/en\/wp-json\/wp\/v2\/media?parent=915"}],"curies":[{"name":"wp","href":"https:\/\/api.w.org\/{rel}","templated":true}]}}