{"id":1367,"date":"2025-08-28T02:54:50","date_gmt":"2025-08-28T02:54:50","guid":{"rendered":"https:\/\/winelandsmendoza.com\/?page_id=1367"},"modified":"2025-09-12T20:17:29","modified_gmt":"2025-09-12T20:17:29","slug":"vinedos-bodegas","status":"publish","type":"page","link":"https:\/\/winelandsmendoza.com\/es\/vinedos-bodegas\/","title":{"rendered":"Vi\u00f1edos &#038; Bodegas"},"content":{"rendered":"\n<div class=\"wp-block-uagb-container uagb-block-71fc7b63 alignfull uagb-is-root-container\"><div class=\"uagb-container-inner-blocks-wrap\">\n<div class=\"wp-block-uagb-info-box uagb-block-2a6be8f3 uagb-infobox__content-wrap  uagb-infobox-icon-above-title uagb-infobox-image-valign-top wp-block-uagb-info-box--has-margin\"><div class=\"uagb-infobox-margin-wrapper\"><div class=\"uagb-ifb-content\"><div class=\"uagb-ifb-title-wrap\"><h3 class=\"uagb-ifb-title\">VI\u00d1EDOS &amp; BODEGAS<\/h3><\/div><div class=\"uagb-ifb-button-wrapper wp-block-button\"><a href=\"#vinedos\" class=\"uagb-infobox-cta-link wp-block-button__link\" target=\"_self\" rel=\"noopener noreferrer\" onclick=\"return true;\"><span class=\"uagb-inline-editing\">CONOCE M\u00c1S<\/span><\/a><\/div><\/div><\/div><\/div>\n<\/div><\/div>\n\n\n\n<div data-aos= \"flip-left\" data-aos-duration=\"400\" data-aos-delay=\"0\" data-aos-easing=\"ease\" data-aos-once=\"true\" id=\"vinedos\" class=\"wp-block-uagb-container uagb-block-0ccb9fe4 alignfull uagb-is-root-container\"><div class=\"uagb-container-inner-blocks-wrap\">\n<div class=\"wp-block-uagb-advanced-heading uagb-block-ae7fcad1\"><h2 class=\"uagb-heading-text\">MARIDAR ORIGEN Y EXCELENCIA<\/h2><\/div>\n\n\n\n<div class=\"wp-block-uagb-container uagb-block-42757502 alignfull uagb-is-root-container\"><div class=\"uagb-container-inner-blocks-wrap\">\n<div class=\"wp-block-uagb-container uagb-block-4da42cac\">\n<div class=\"wp-block-uagb-image uagb-block-c2f274fe wp-block-uagb-image--layout-default wp-block-uagb-image--effect-zoomin wp-block-uagb-image--align-none\"><figure class=\"wp-block-uagb-image__figure\"><img loading=\"lazy\" decoding=\"async\" srcset=\"https:\/\/winelandsmendoza.com\/wp-content\/uploads\/2025\/09\/g1757-1024x776.png ,https:\/\/winelandsmendoza.com\/wp-content\/uploads\/2025\/09\/g1757.png 780w, https:\/\/winelandsmendoza.com\/wp-content\/uploads\/2025\/09\/g1757.png 360w\" sizes=\"auto, (max-width: 480px) 150px\" src=\"https:\/\/winelandsmendoza.com\/wp-content\/uploads\/2025\/09\/g1757-1024x776.png\" alt=\"VI\u00d1EDOS\" class=\"uag-image-2211\" width=\"1024\" height=\"776\" title=\"VI\u00d1EDOS\" loading=\"lazy\" role=\"img\"\/><\/figure><\/div>\n<\/div>\n\n\n\n<div class=\"wp-block-uagb-container uagb-block-97cc0798\">\n<div class=\"wp-block-uagb-advanced-heading uagb-block-9198c550\"><p class=\"uagb-desc-text\">M\u00e1s de <strong>350 hect\u00e1reas<\/strong> de vi\u00f1edos en producci\u00f3n, en manos de referentes como <strong>Zuccardi<\/strong>, <strong>Riccitelli<\/strong>, <strong>Altar Uco<\/strong> y <strong>Vigil<\/strong>.<\/p><\/div>\n\n\n\n<div class=\"wp-block-uagb-advanced-heading uagb-block-07b645c3\"><p class=\"uagb-desc-text\">Pr\u00f3ximamente se sumar\u00e1n <strong>100 hect\u00e1reas adicionales de nuevas vi\u00f1as<\/strong>, plantadas en distintos formatos y ubicaciones estrat\u00e9gicas dentro de <strong>Winelands<\/strong>.<\/p><\/div>\n<\/div>\n<\/div><\/div>\n<\/div><\/div>\n\n\n\n<div class=\"wp-block-uagb-container uagb-layout-flex uagb-block-9821534f alignfull uagb-is-root-container\"><div class=\"uagb-container-inner-blocks-wrap\">\n<div data-aos= \"fade-up\" data-aos-duration=\"400\" data-aos-delay=\"0\" data-aos-easing=\"ease\" data-aos-once=\"true\" class=\"wp-block-uagb-advanced-heading uagb-block-b2d6437b\"><p class=\"uagb-desc-text\">La composici\u00f3n del suelo, el clima de altura, el agua pura y las amplias variaciones t\u00e9rmicas convierten a este enclave en un territorio ideal para el cultivo de cepas como<\/p><\/div>\n\n\n\n<div class=\"wp-block-uagb-container uagb-block-fb93d5a9 alignfull uagb-is-root-container\"><div class=\"uagb-container-inner-blocks-wrap\">\n<div data-aos= \"fade-up\" data-aos-duration=\"400\" data-aos-delay=\"0\" data-aos-easing=\"ease\" data-aos-once=\"true\" class=\"wp-block-uagb-container uagb-block-f5f08fd6\">\n<div class=\"wp-block-uagb-icon-list uagb-block-6494745e\"><div class=\"uagb-icon-list__wrap\">\n<div class=\"wp-block-uagb-icon-list-child uagb-block-c8cf6a29\"><span class=\"uagb-icon-list__source-wrap\"><svg xmlns=\"https:\/\/www.w3.org\/2000\/svg\" viewBox=\"0 0 320 512\"><path d=\"M232 464h-40.01v-117.3c68.51-15.88 118-79.86 111.4-154.1L287.5 14.5C286.8 6.25 279.9 0 271.8 0H48.23C40.1 0 33.22 6.25 32.47 14.5L16.6 192.6c-6.626 74.25 42.88 138.2 111.4 154.2V464H87.98c-22.13 0-40.01 17.88-40.01 40c0 4.375 3.626 8 8.002 8h208c4.376 0 8.002-3.625 8.002-8C272 481.9 254.1 464 232 464zM77.72 48h164.6L249.4 128H70.58L77.72 48z\"><\/path><\/svg><\/span><span class=\"uagb-icon-list__label\">Malbec<\/span><\/div>\n\n\n\n<div class=\"wp-block-uagb-icon-list-child uagb-block-09941bfa\"><span class=\"uagb-icon-list__source-wrap\"><svg xmlns=\"https:\/\/www.w3.org\/2000\/svg\" viewBox=\"0 0 320 512\"><path d=\"M232 464h-40.01v-117.3c68.51-15.88 118-79.86 111.4-154.1L287.5 14.5C286.8 6.25 279.9 0 271.8 0H48.23C40.1 0 33.22 6.25 32.47 14.5L16.6 192.6c-6.626 74.25 42.88 138.2 111.4 154.2V464H87.98c-22.13 0-40.01 17.88-40.01 40c0 4.375 3.626 8 8.002 8h208c4.376 0 8.002-3.625 8.002-8C272 481.9 254.1 464 232 464zM77.72 48h164.6L249.4 128H70.58L77.72 48z\"><\/path><\/svg><\/span><span class=\"uagb-icon-list__label\">Cabernet Sauvignon<\/span><\/div>\n\n\n\n<div class=\"wp-block-uagb-icon-list-child uagb-block-55403def\"><span class=\"uagb-icon-list__source-wrap\"><svg xmlns=\"https:\/\/www.w3.org\/2000\/svg\" viewBox=\"0 0 320 512\"><path d=\"M232 464h-40.01v-117.3c68.51-15.88 118-79.86 111.4-154.1L287.5 14.5C286.8 6.25 279.9 0 271.8 0H48.23C40.1 0 33.22 6.25 32.47 14.5L16.6 192.6c-6.626 74.25 42.88 138.2 111.4 154.2V464H87.98c-22.13 0-40.01 17.88-40.01 40c0 4.375 3.626 8 8.002 8h208c4.376 0 8.002-3.625 8.002-8C272 481.9 254.1 464 232 464zM77.72 48h164.6L249.4 128H70.58L77.72 48z\"><\/path><\/svg><\/span><span class=\"uagb-icon-list__label\">Cabernet Franc<\/span><\/div>\n\n\n\n<div class=\"wp-block-uagb-icon-list-child uagb-block-282e5466\"><span class=\"uagb-icon-list__source-wrap\"><svg xmlns=\"https:\/\/www.w3.org\/2000\/svg\" viewBox=\"0 0 320 512\"><path d=\"M232 464h-40.01v-117.3c68.51-15.88 118-79.86 111.4-154.1L287.5 14.5C286.8 6.25 279.9 0 271.8 0H48.23C40.1 0 33.22 6.25 32.47 14.5L16.6 192.6c-6.626 74.25 42.88 138.2 111.4 154.2V464H87.98c-22.13 0-40.01 17.88-40.01 40c0 4.375 3.626 8 8.002 8h208c4.376 0 8.002-3.625 8.002-8C272 481.9 254.1 464 232 464zM77.72 48h164.6L249.4 128H70.58L77.72 48z\"><\/path><\/svg><\/span><span class=\"uagb-icon-list__label\">Merlot<\/span><\/div>\n<\/div><\/div>\n<\/div>\n\n\n\n<div data-aos= \"fade-up\" data-aos-duration=\"400\" data-aos-delay=\"0\" data-aos-easing=\"ease\" data-aos-once=\"true\" class=\"wp-block-uagb-container uagb-block-8282a1e2\">\n<div class=\"wp-block-uagb-icon-list uagb-block-d0bd4793\"><div class=\"uagb-icon-list__wrap\">\n<div class=\"wp-block-uagb-icon-list-child uagb-block-c306dee4\"><span class=\"uagb-icon-list__source-wrap\"><svg xmlns=\"https:\/\/www.w3.org\/2000\/svg\" viewBox=\"0 0 320 512\"><path d=\"M232 464h-40.01v-117.3c68.51-15.88 118-79.86 111.4-154.1L287.5 14.5C286.8 6.25 279.9 0 271.8 0H48.23C40.1 0 33.22 6.25 32.47 14.5L16.6 192.6c-6.626 74.25 42.88 138.2 111.4 154.2V464H87.98c-22.13 0-40.01 17.88-40.01 40c0 4.375 3.626 8 8.002 8h208c4.376 0 8.002-3.625 8.002-8C272 481.9 254.1 464 232 464zM77.72 48h164.6L249.4 128H70.58L77.72 48z\"><\/path><\/svg><\/span><span class=\"uagb-icon-list__label\">Pinot Noir<\/span><\/div>\n\n\n\n<div class=\"wp-block-uagb-icon-list-child uagb-block-de8b2a56\"><span class=\"uagb-icon-list__source-wrap\"><svg xmlns=\"https:\/\/www.w3.org\/2000\/svg\" viewBox=\"0 0 320 512\"><path d=\"M232 464h-40.01v-117.3c68.51-15.88 118-79.86 111.4-154.1L287.5 14.5C286.8 6.25 279.9 0 271.8 0H48.23C40.1 0 33.22 6.25 32.47 14.5L16.6 192.6c-6.626 74.25 42.88 138.2 111.4 154.2V464H87.98c-22.13 0-40.01 17.88-40.01 40c0 4.375 3.626 8 8.002 8h208c4.376 0 8.002-3.625 8.002-8C272 481.9 254.1 464 232 464zM77.72 48h164.6L249.4 128H70.58L77.72 48z\"><\/path><\/svg><\/span><span class=\"uagb-icon-list__label\">Sauvignon Blanc<\/span><\/div>\n\n\n\n<div class=\"wp-block-uagb-icon-list-child uagb-block-525d43d7\"><span class=\"uagb-icon-list__source-wrap\"><svg xmlns=\"https:\/\/www.w3.org\/2000\/svg\" viewBox=\"0 0 320 512\"><path d=\"M232 464h-40.01v-117.3c68.51-15.88 118-79.86 111.4-154.1L287.5 14.5C286.8 6.25 279.9 0 271.8 0H48.23C40.1 0 33.22 6.25 32.47 14.5L16.6 192.6c-6.626 74.25 42.88 138.2 111.4 154.2V464H87.98c-22.13 0-40.01 17.88-40.01 40c0 4.375 3.626 8 8.002 8h208c4.376 0 8.002-3.625 8.002-8C272 481.9 254.1 464 232 464zM77.72 48h164.6L249.4 128H70.58L77.72 48z\"><\/path><\/svg><\/span><span class=\"uagb-icon-list__label\">Chardonnay<\/span><\/div>\n\n\n\n<div class=\"wp-block-uagb-icon-list-child uagb-block-b52d9995\"><span class=\"uagb-icon-list__source-wrap\"><svg xmlns=\"https:\/\/www.w3.org\/2000\/svg\" viewBox=\"0 0 320 512\"><path d=\"M232 464h-40.01v-117.3c68.51-15.88 118-79.86 111.4-154.1L287.5 14.5C286.8 6.25 279.9 0 271.8 0H48.23C40.1 0 33.22 6.25 32.47 14.5L16.6 192.6c-6.626 74.25 42.88 138.2 111.4 154.2V464H87.98c-22.13 0-40.01 17.88-40.01 40c0 4.375 3.626 8 8.002 8h208c4.376 0 8.002-3.625 8.002-8C272 481.9 254.1 464 232 464zM77.72 48h164.6L249.4 128H70.58L77.72 48z\"><\/path><\/svg><\/span><span class=\"uagb-icon-list__label\">Torront\u00e9s<\/span><\/div>\n<\/div><\/div>\n<\/div>\n<\/div><\/div>\n<\/div><\/div>\n\n\n\n<div class=\"wp-block-uagb-container uagb-block-909f92d0 alignfull uagb-is-root-container\"><div class=\"uagb-container-inner-blocks-wrap\">\n<div data-aos= \"fade-up\" data-aos-duration=\"400\" data-aos-delay=\"0\" data-aos-easing=\"ease\" data-aos-once=\"true\" class=\"wp-block-uagb-advanced-heading uagb-block-b123b96d\"><h2 class=\"uagb-heading-text\">BODEGAS ESTABLECIDAS<\/h2><\/div>\n\n\n\n<div class=\"wp-block-uagb-container uagb-block-6c48d376\">\n<div data-aos= \"flip-left\" data-aos-duration=\"400\" data-aos-delay=\"0\" data-aos-easing=\"ease\" data-aos-once=\"true\" class=\"wp-block-uagb-container uagb-block-a3e54aab\">\n<div class=\"wp-block-uagb-image uagb-block-2da60720 wp-block-uagb-image--layout-default wp-block-uagb-image--effect-static wp-block-uagb-image--align-none\"><figure class=\"wp-block-uagb-image__figure\"><img loading=\"lazy\" decoding=\"async\" srcset=\"https:\/\/winelandsmendoza.com\/wp-content\/uploads\/2025\/09\/ALTAR.png ,https:\/\/winelandsmendoza.com\/wp-content\/uploads\/2025\/09\/ALTAR.png 780w, https:\/\/winelandsmendoza.com\/wp-content\/uploads\/2025\/09\/ALTAR.png 360w\" sizes=\"auto, (max-width: 480px) 150px\" src=\"https:\/\/winelandsmendoza.com\/wp-content\/uploads\/2025\/09\/ALTAR.png\" alt=\"\" class=\"uag-image-2279\" width=\"400\" height=\"200\" title=\"ALTAR\" loading=\"lazy\" role=\"img\"\/><\/figure><\/div>\n\n\n\n<div class=\"wp-block-uagb-image uagb-block-6b27fd2d wp-block-uagb-image--layout-default wp-block-uagb-image--effect-zoomin wp-block-uagb-image--align-none\"><figure class=\"wp-block-uagb-image__figure\"><img loading=\"lazy\" decoding=\"async\" srcset=\"https:\/\/winelandsmendoza.com\/wp-content\/uploads\/2025\/09\/VINO-ALTAR-UCO.png ,https:\/\/winelandsmendoza.com\/wp-content\/uploads\/2025\/09\/VINO-ALTAR-UCO.png 780w, https:\/\/winelandsmendoza.com\/wp-content\/uploads\/2025\/09\/VINO-ALTAR-UCO.png 360w\" sizes=\"auto, (max-width: 480px) 150px\" src=\"https:\/\/winelandsmendoza.com\/wp-content\/uploads\/2025\/09\/VINO-ALTAR-UCO.png\" alt=\"\" class=\"uag-image-2268\" width=\"463\" height=\"490\" title=\"VINO ALTAR UCO\" loading=\"lazy\" role=\"img\"\/><\/figure><\/div>\n<\/div>\n\n\n\n<div data-aos= \"flip-right\" data-aos-duration=\"400\" data-aos-delay=\"0\" data-aos-easing=\"ease\" data-aos-once=\"true\" class=\"wp-block-uagb-container uagb-block-0f8d8d71\">\n<div class=\"wp-block-uagb-image uagb-block-49f6d706 wp-block-uagb-image--layout-default wp-block-uagb-image--effect-static wp-block-uagb-image--align-none\"><figure class=\"wp-block-uagb-image__figure\"><img loading=\"lazy\" decoding=\"async\" srcset=\"https:\/\/winelandsmendoza.com\/wp-content\/uploads\/2025\/09\/RICCI.png ,https:\/\/winelandsmendoza.com\/wp-content\/uploads\/2025\/09\/RICCI.png 780w, https:\/\/winelandsmendoza.com\/wp-content\/uploads\/2025\/09\/RICCI.png 360w\" sizes=\"auto, (max-width: 480px) 150px\" src=\"https:\/\/winelandsmendoza.com\/wp-content\/uploads\/2025\/09\/RICCI.png\" alt=\"\" class=\"uag-image-2280\" width=\"400\" height=\"200\" title=\"RICCI\" loading=\"lazy\" role=\"img\"\/><\/figure><\/div>\n\n\n\n<div class=\"wp-block-uagb-image uagb-block-4537e78e wp-block-uagb-image--layout-default wp-block-uagb-image--effect-zoomin wp-block-uagb-image--align-none\"><figure class=\"wp-block-uagb-image__figure\"><img loading=\"lazy\" decoding=\"async\" srcset=\"https:\/\/winelandsmendoza.com\/wp-content\/uploads\/2025\/09\/VINO-RICCITELLI.png ,https:\/\/winelandsmendoza.com\/wp-content\/uploads\/2025\/09\/VINO-RICCITELLI.png 780w, https:\/\/winelandsmendoza.com\/wp-content\/uploads\/2025\/09\/VINO-RICCITELLI.png 360w\" sizes=\"auto, (max-width: 480px) 150px\" src=\"https:\/\/winelandsmendoza.com\/wp-content\/uploads\/2025\/09\/VINO-RICCITELLI.png\" alt=\"\" class=\"uag-image-2269\" width=\"463\" height=\"490\" title=\"VINO RICCITELLI\" loading=\"lazy\" role=\"img\"\/><\/figure><\/div>\n<\/div>\n<\/div>\n<\/div><\/div>\n\n\n\n<div data-aos= \"flip-up\" data-aos-duration=\"400\" data-aos-delay=\"0\" data-aos-easing=\"ease\" data-aos-once=\"true\" class=\"wp-block-uagb-container uagb-block-e562e6b9 alignfull uagb-is-root-container\"><div class=\"uagb-container-inner-blocks-wrap\">\n<div class=\"wp-block-uagb-container uagb-block-7c504b17 alignfull uagb-is-root-container\">\n<div class=\"wp-block-uagb-call-to-action uagb-block-0d4ddc0f wp-block-button\"><div class=\"uagb-cta__wrap\"><h3 class=\"uagb-cta__title\">Vive la experiencia completa<\/h3><p class=\"uagb-cta__desc\">Desde los vi\u00f1edos de altura hasta las bodegas de renombre, <strong>descubre el terroir mendocino<\/strong>.<\/p><\/div><div class=\"uagb-cta__buttons\"><a href=\"https:\/\/winelandsmendoza.com\/contacto\/\" class=\"uagb-cta__button-link-wrapper wp-block-button__link\" target=\"_self\" rel=\"noopener noreferrer\">Quiero m\u00e1s informaci\u00f3n<\/a><\/div><\/div>\n<\/div>\n<\/div><\/div>\n\n\n\n<p><\/p>\n","protected":false},"excerpt":{"rendered":"<p>MARIDAR ORIGEN Y EXCELENCIA M\u00e1s de 350 hect\u00e1reas de vi\u00f1edos en producci\u00f3n, en manos de referentes como Zuccardi, Riccitelli, Altar Uco y Vigil. Pr\u00f3ximamente se sumar\u00e1n 100 hect\u00e1reas adicionales de nuevas vi\u00f1as, plantadas en distintos formatos y ubicaciones estrat\u00e9gicas dentro de Winelands. La composici\u00f3n del suelo, el clima de altura, el agua pura y las [&hellip;]<\/p>\n","protected":false},"author":1,"featured_media":0,"parent":0,"menu_order":0,"comment_status":"closed","ping_status":"closed","template":"","meta":{"_eb_attr":"","_uag_custom_page_level_css":"","site-sidebar-layout":"default","site-content-layout":"","ast-site-content-layout":"full-width-container","site-content-style":"default","site-sidebar-style":"default","ast-global-header-display":"","ast-banner-title-visibility":"","ast-main-header-display":"","ast-hfb-above-header-display":"","ast-hfb-below-header-display":"","ast-hfb-mobile-header-display":"","site-post-title":"disabled","ast-breadcrumbs-content":"","ast-featured-img":"","footer-sml-layout":"","ast-disable-related-posts":"","theme-transparent-header-meta":"disabled","adv-header-id-meta":"","stick-header-meta":"","header-above-stick-meta":"","header-main-stick-meta":"","header-below-stick-meta":"","astra-migrate-meta-layouts":"set","ast-page-background-enabled":"default","ast-page-background-meta":{"desktop":{"background-color":"","background-image":"","background-repeat":"repeat","background-position":"center center","background-size":"auto","background-attachment":"scroll","background-type":"","background-media":"","overlay-type":"","overlay-color":"","overlay-opacity":"","overlay-gradient":""},"tablet":{"background-color":"","background-image":"","background-repeat":"repeat","background-position":"center center","background-size":"auto","background-attachment":"scroll","background-type":"","background-media":"","overlay-type":"","overlay-color":"","overlay-opacity":"","overlay-gradient":""},"mobile":{"background-color":"","background-image":"","background-repeat":"repeat","background-position":"center center","background-size":"auto","background-attachment":"scroll","background-type":"","background-media":"","overlay-type":"","overlay-color":"","overlay-opacity":"","overlay-gradient":""}},"ast-content-background-meta":{"desktop":{"background-color":"var(--ast-global-color-5)","background-image":"","background-repeat":"repeat","background-position":"center center","background-size":"auto","background-attachment":"scroll","background-type":"","background-media":"","overlay-type":"","overlay-color":"","overlay-opacity":"","overlay-gradient":""},"tablet":{"background-color":"var(--ast-global-color-5)","background-image":"","background-repeat":"repeat","background-position":"center center","background-size":"auto","background-attachment":"scroll","background-type":"","background-media":"","overlay-type":"","overlay-color":"","overlay-opacity":"","overlay-gradient":""},"mobile":{"background-color":"var(--ast-global-color-5)","background-image":"","background-repeat":"repeat","background-position":"center center","background-size":"auto","background-attachment":"scroll","background-type":"","background-media":"","overlay-type":"","overlay-color":"","overlay-opacity":"","overlay-gradient":""}},"footnotes":""},"class_list":["post-1367","page","type-page","status-publish","hentry"],"uagb_featured_image_src":{"full":false,"thumbnail":false,"medium":false,"medium_large":false,"large":false,"1536x1536":false,"2048x2048":false,"trp-custom-language-flag":false},"uagb_author_info":{"display_name":"winlansmdz@gmail.com","author_link":"https:\/\/winelandsmendoza.com\/es\/author\/winlansmdzgmail-com\/"},"uagb_comment_info":0,"uagb_excerpt":"MARIDAR ORIGEN Y EXCELENCIA M\u00e1s de 350 hect\u00e1reas de vi\u00f1edos en producci\u00f3n, en manos de referentes como Zuccardi, Riccitelli, Altar Uco y Vigil. Pr\u00f3ximamente se sumar\u00e1n 100 hect\u00e1reas adicionales de nuevas vi\u00f1as, plantadas en distintos formatos y ubicaciones estrat\u00e9gicas dentro de Winelands. La composici\u00f3n del suelo, el clima de altura, el agua pura y las&hellip;","_links":{"self":[{"href":"https:\/\/winelandsmendoza.com\/es\/wp-json\/wp\/v2\/pages\/1367","targetHints":{"allow":["GET"]}}],"collection":[{"href":"https:\/\/winelandsmendoza.com\/es\/wp-json\/wp\/v2\/pages"}],"about":[{"href":"https:\/\/winelandsmendoza.com\/es\/wp-json\/wp\/v2\/types\/page"}],"author":[{"embeddable":true,"href":"https:\/\/winelandsmendoza.com\/es\/wp-json\/wp\/v2\/users\/1"}],"replies":[{"embeddable":true,"href":"https:\/\/winelandsmendoza.com\/es\/wp-json\/wp\/v2\/comments?post=1367"}],"version-history":[{"count":65,"href":"https:\/\/winelandsmendoza.com\/es\/wp-json\/wp\/v2\/pages\/1367\/revisions"}],"predecessor-version":[{"id":2604,"href":"https:\/\/winelandsmendoza.com\/es\/wp-json\/wp\/v2\/pages\/1367\/revisions\/2604"}],"wp:attachment":[{"href":"https:\/\/winelandsmendoza.com\/es\/wp-json\/wp\/v2\/media?parent=1367"}],"curies":[{"name":"wp","href":"https:\/\/api.w.org\/{rel}","templated":true}]}}