{"id":2474,"date":"2025-09-08T04:47:06","date_gmt":"2025-09-08T04:47:06","guid":{"rendered":"https:\/\/winelandsmendoza.com\/?page_id=2474"},"modified":"2025-09-12T19:25:27","modified_gmt":"2025-09-12T19:25:27","slug":"amenities","status":"publish","type":"page","link":"https:\/\/winelandsmendoza.com\/es\/amenities\/","title":{"rendered":"Amenities"},"content":{"rendered":"\n<div class=\"wp-block-uagb-container uagb-block-71fc7b63 alignfull uagb-is-root-container\"><div class=\"uagb-container-inner-blocks-wrap\">\n<div class=\"wp-block-uagb-info-box uagb-block-2a6be8f3 uagb-infobox__content-wrap  uagb-infobox-icon-above-title uagb-infobox-image-valign-top wp-block-uagb-info-box--has-margin\"><div class=\"uagb-infobox-margin-wrapper\"><div class=\"uagb-ifb-content\"><div class=\"uagb-ifb-title-wrap\"><h3 class=\"uagb-ifb-title\">AMENITIES E INFRAESTRUCTURA<\/h3><\/div><div class=\"uagb-ifb-button-wrapper wp-block-button\"><a href=\"#amenities\" class=\"uagb-infobox-cta-link wp-block-button__link\" target=\"_self\" rel=\"noopener noreferrer\" onclick=\"return true;\"><span class=\"uagb-inline-editing\">CONOCE M\u00c1S<\/span><\/a><\/div><\/div><\/div><\/div>\n<\/div><\/div>\n\n\n\n<div data-aos= \"flip-up\" data-aos-duration=\"400\" data-aos-delay=\"0\" data-aos-easing=\"ease\" data-aos-once=\"true\" id=\"amenities\" class=\"wp-block-uagb-container uagb-block-0ccb9fe4 alignfull uagb-is-root-container\"><div class=\"uagb-container-inner-blocks-wrap\">\n<div class=\"wp-block-uagb-advanced-heading uagb-block-ae7fcad1\"><h2 class=\"uagb-heading-text\">AMENITIES<\/h2><div class=\"uagb-separator\"><\/div><p class=\"uagb-desc-text\">ACTIVIDADES PARA DISFRUTAR EN FAMILIA <\/p><\/div>\n\n\n\n<div class=\"wp-block-uagb-container uagb-block-42757502 alignfull uagb-is-root-container\"><div class=\"uagb-container-inner-blocks-wrap\">\n<div class=\"wp-block-uagb-container uagb-block-4da42cac\">\n<div class=\"wp-block-uagb-image uagb-block-c2f274fe wp-block-uagb-image--layout-default wp-block-uagb-image--effect-zoomin wp-block-uagb-image--align-none\"><figure class=\"wp-block-uagb-image__figure\"><img loading=\"lazy\" decoding=\"async\" srcset=\"https:\/\/winelandsmendoza.com\/wp-content\/uploads\/2025\/09\/g2673.png ,https:\/\/winelandsmendoza.com\/wp-content\/uploads\/2025\/09\/g2673.png 780w, https:\/\/winelandsmendoza.com\/wp-content\/uploads\/2025\/09\/g2673.png 360w\" sizes=\"auto, (max-width: 480px) 150px\" src=\"https:\/\/winelandsmendoza.com\/wp-content\/uploads\/2025\/09\/g2673.png\" alt=\"\" class=\"uag-image-2488\" width=\"463\" height=\"500\" title=\"g2673\" loading=\"lazy\" role=\"img\"\/><\/figure><\/div>\n<\/div>\n\n\n\n<div class=\"wp-block-uagb-container uagb-block-97cc0798\">\n<div class=\"wp-block-uagb-advanced-heading uagb-block-9198c550\"><p class=\"uagb-desc-text\"><strong>Polo y \u00e1rea cuestre:<\/strong> Polo argentino<br>en su m\u00e1xima expresi\u00f3n. Tradici\u00f3n,<br>elegancia y nivel internacional en un<br>entorno natural incomparable.<\/p><\/div>\n\n\n\n<div class=\"wp-block-uagb-advanced-heading uagb-block-07b645c3\"><p class=\"uagb-desc-text\"><strong>SUM \/ Club house:<\/strong> un espacio para<br>compartir, relajarse y disfrutar, con<br>vistas abiertas y arquitectura integrada<br>al paisaje.<\/p><\/div>\n\n\n\n<div class=\"wp-block-uagb-advanced-heading uagb-block-f1141120\"><p class=\"uagb-desc-text\"><strong>Plazas y senderos:<\/strong> \u00e1reas de encuentro<br>y recorridos para caminatas entre<br>vi\u00f1edos y naturaleza aut\u00f3ctona.<\/p><\/div>\n<\/div>\n<\/div><\/div>\n<\/div><\/div>\n\n\n\n<div data-aos= \"flip-left\" data-aos-duration=\"400\" data-aos-delay=\"0\" data-aos-easing=\"ease\" data-aos-once=\"true\" id=\"amenities2\" class=\"wp-block-uagb-container uagb-block-835ccb1f alignfull uagb-is-root-container\"><div class=\"uagb-container-inner-blocks-wrap\">\n<div class=\"wp-block-uagb-container uagb-block-72c7106d alignfull uagb-is-root-container\"><div class=\"uagb-container-inner-blocks-wrap\">\n<div class=\"wp-block-uagb-container uagb-block-051555e2\">\n<div class=\"wp-block-uagb-image uagb-block-c7f32f35 wp-block-uagb-image--layout-default wp-block-uagb-image--effect-zoomin wp-block-uagb-image--align-none\"><figure class=\"wp-block-uagb-image__figure\"><img loading=\"lazy\" decoding=\"async\" srcset=\"https:\/\/winelandsmendoza.com\/wp-content\/uploads\/2025\/09\/g901.png ,https:\/\/winelandsmendoza.com\/wp-content\/uploads\/2025\/09\/g901.png 780w, https:\/\/winelandsmendoza.com\/wp-content\/uploads\/2025\/09\/g901.png 360w\" sizes=\"auto, (max-width: 480px) 150px\" src=\"https:\/\/winelandsmendoza.com\/wp-content\/uploads\/2025\/09\/g901.png\" alt=\"\" class=\"uag-image-2506\" width=\"463\" height=\"500\" title=\"g901\" loading=\"lazy\" role=\"img\"\/><\/figure><\/div>\n<\/div>\n\n\n\n<div class=\"wp-block-uagb-container uagb-block-39d86c54\">\n<div class=\"wp-block-uagb-advanced-heading uagb-block-721cd105\"><p class=\"uagb-desc-text\"><strong>Laguna:<\/strong> un punto de calma y belleza natural que aporta frescura y equilibrio visual al entorno.<\/p><\/div>\n\n\n\n<div class=\"wp-block-uagb-advanced-heading uagb-block-67c40dea\"><p class=\"uagb-desc-text\"><strong>Espacios deportivos:<\/strong> canchas, zonas aer\u00f3bicas y juegos para todas las edades. Actividad f\u00edsica y recreaci\u00f3n al aire libre, en armon\u00eda con la naturaleza.<\/p><\/div>\n\n\n\n<div class=\"wp-block-uagb-advanced-heading uagb-block-31f7e176\"><p class=\"uagb-desc-text\"><strong>Dise\u00f1o paisaj\u00edstico aut\u00f3ctono y eco sustentable:<\/strong> flora nativa, bajo consumo de agua y m\u00ednima intervenci\u00f3n. Un dise\u00f1o que respeta y realza el paisaje original de Gualtallary.<\/p><\/div>\n<\/div>\n<\/div><\/div>\n<\/div><\/div>\n\n\n\n<div id=\"infra\" class=\"wp-block-uagb-container uagb-block-e8dab685 alignfull uagb-is-root-container\"><div class=\"uagb-container-inner-blocks-wrap\">\n<div data-aos= \"fade-up\" data-aos-duration=\"400\" data-aos-delay=\"0\" data-aos-easing=\"ease\" data-aos-once=\"true\" class=\"wp-block-uagb-advanced-heading uagb-block-16b9b396\"><h2 class=\"uagb-heading-text\">INFRAESTRUCTURA<\/h2><div class=\"uagb-separator\"><\/div><p class=\"uagb-desc-text\">CALIDAD CONSTRUCTIVA, TECNOLOG\u00cdA Y PLANIFICACI\u00d3N A LARGO PLAZO<\/p><\/div>\n\n\n\n<div class=\"wp-block-uagb-container uagb-block-81febb72 alignfull uagb-is-root-container\"><div class=\"uagb-container-inner-blocks-wrap\">\n<div data-aos= \"flip-left\" data-aos-duration=\"400\" data-aos-delay=\"0\" data-aos-easing=\"ease\" data-aos-once=\"true\" class=\"wp-block-uagb-container uagb-block-612f19de\">\n<div class=\"wp-block-uagb-info-box uagb-block-de1f6741 uagb-infobox__content-wrap  uagb-infobox-icon-above-title uagb-infobox-image-valign-top\"><div class=\"uagb-ifb-content\"><div class=\"uagb-ifb-icon-wrap\"><svg xmlns=\"https:\/\/www.w3.org\/2000\/svg\" viewBox=\"0 0 576 512\"><path d=\"M549.8 237.5c-31.23-5.719-46.84-20.06-47.13-20.31C490.4 205 470.3 205.1 457.7 216.8c-1 .9375-25.14 23-73.73 23s-72.73-22.06-73.38-22.62C298.4 204.9 278.3 205.1 265.7 216.8c-1 .9375-25.14 23-73.73 23S119.3 217.8 118.6 217.2C106.4 204.9 86.35 205 73.74 216.9C73.09 217.4 57.48 231.8 26.24 237.5c-17.38 3.188-28.89 19.84-25.72 37.22c3.188 17.38 19.78 29.09 37.25 25.72C63.1 295.8 82.49 287.1 95.96 279.2c19.5 11.53 51.47 24.68 96.04 24.68c44.55 0 76.49-13.12 96-24.65c19.52 11.53 51.45 24.59 96 24.59c44.58 0 76.55-13.09 96.05-24.62c13.47 7.938 32.86 16.62 58.19 21.25c17.56 3.375 34.06-8.344 37.25-25.72C578.7 257.4 567.2 240.7 549.8 237.5zM549.8 381.7c-31.23-5.719-46.84-20.06-47.13-20.31c-12.22-12.19-32.31-12.12-44.91-.375C456.7 361.9 432.6 384 384 384s-72.73-22.06-73.38-22.62c-12.22-12.25-32.3-12.12-44.89-.375C264.7 361.9 240.6 384 192 384s-72.73-22.06-73.38-22.62c-12.22-12.25-32.28-12.16-44.89-.3438c-.6562 .5938-16.27 14.94-47.5 20.66c-17.38 3.188-28.89 19.84-25.72 37.22C3.713 436.3 20.31 448 37.78 444.6C63.1 440 82.49 431.3 95.96 423.4c19.5 11.53 51.51 24.62 96.08 24.62c44.55 0 76.45-13.06 95.96-24.59C307.5 434.9 339.5 448 384.1 448c44.58 0 76.5-13.09 95.1-24.62c13.47 7.938 32.86 16.62 58.19 21.25C555.8 448 572.3 436.3 575.5 418.9C578.7 401.5 567.2 384.9 549.8 381.7zM37.78 156.4c25.33-4.625 44.72-13.31 58.19-21.25c19.5 11.53 51.47 24.68 96.04 24.68c44.55 0 76.49-13.12 96-24.65c19.52 11.53 51.45 24.59 96 24.59c44.58 0 76.55-13.09 96.05-24.62c13.47 7.938 32.86 16.62 58.19 21.25c17.56 3.375 34.06-8.344 37.25-25.72c3.172-17.38-8.344-34.03-25.72-37.22c-31.23-5.719-46.84-20.06-47.13-20.31c-12.22-12.19-32.31-12.12-44.91-.375c-1 .9375-25.14 23-73.73 23s-72.73-22.06-73.38-22.62c-12.22-12.25-32.3-12.12-44.89-.375c-1 .9375-25.14 23-73.73 23S119.3 73.76 118.6 73.2C106.4 60.95 86.35 61.04 73.74 72.85C73.09 73.45 57.48 87.79 26.24 93.51c-17.38 3.188-28.89 19.84-25.72 37.22C3.713 148.1 20.31 159.8 37.78 156.4z\"><\/path><\/svg><\/div><div class=\"uagb-ifb-title-wrap\"><h3 class=\"uagb-ifb-title\">Servicios esenciales y sustentables<\/h3><\/div><p class=\"uagb-ifb-desc\">Electricidad y agua potable con m\u00e1s de <strong>10.000 metros de tendido el\u00e9ctrico<\/strong> y <strong>10 estaciones transformadoras<\/strong>. <strong>5 pozos propios<\/strong> con bombas de alto rendimiento aseguran abastecimiento para riego y consumo humano tras potabilizaci\u00f3n.<\/p><\/div><\/div>\n<\/div>\n\n\n\n<div data-aos= \"flip-left\" data-aos-duration=\"400\" data-aos-delay=\"0\" data-aos-easing=\"ease\" data-aos-once=\"true\" class=\"wp-block-uagb-container uagb-block-2b3f57c0\">\n<div class=\"wp-block-uagb-info-box uagb-block-108769aa uagb-infobox__content-wrap  uagb-infobox-icon-above-title uagb-infobox-image-valign-top\"><div class=\"uagb-ifb-content\"><div class=\"uagb-ifb-icon-wrap\"><svg xmlns=\"https:\/\/www.w3.org\/2000\/svg\" viewBox=\"0 0 576 512\"><path d=\"M256 96C256 113.7 270.3 128 288 128C305.7 128 320 113.7 320 96V32H394.8C421.9 32 446 49.08 455.1 74.63L572.9 407.2C574.9 413 576 419.2 576 425.4C576 455.5 551.5 480 521.4 480H320V416C320 398.3 305.7 384 288 384C270.3 384 256 398.3 256 416V480H54.61C24.45 480 0 455.5 0 425.4C0 419.2 1.06 413 3.133 407.2L120.9 74.63C129.1 49.08 154.1 32 181.2 32H255.1L256 96zM320 224C320 206.3 305.7 192 288 192C270.3 192 256 206.3 256 224V288C256 305.7 270.3 320 288 320C305.7 320 320 305.7 320 288V224z\"><\/path><\/svg><\/div><div class=\"uagb-ifb-title-wrap\"><h3 class=\"uagb-ifb-title\">Caminos y accesos estrat\u00e9gicos<\/h3><\/div><p class=\"uagb-ifb-desc\">M\u00e1s de <strong>25 km de calles internas ya desarrolladas<\/strong>, previstas para asfaltarse en etapas clave.<br><strong>Accesos m\u00faltiples y controlados:<\/strong> sur (zona productiva y hotelera) y este (zona golf y urbanizaci\u00f3n).<br>Alumbrado p\u00fablico proyectado con dise\u00f1o integrado al paisaje.<\/p><\/div><\/div>\n<\/div>\n\n\n\n<div data-aos= \"flip-left\" data-aos-duration=\"400\" data-aos-delay=\"0\" data-aos-easing=\"ease\" data-aos-once=\"true\" class=\"wp-block-uagb-container uagb-block-9323fc4d\">\n<div class=\"wp-block-uagb-info-box uagb-block-282d04be uagb-infobox__content-wrap  uagb-infobox-icon-above-title uagb-infobox-image-valign-top\"><div class=\"uagb-ifb-content\"><div class=\"uagb-ifb-icon-wrap\"><svg xmlns=\"https:\/\/www.w3.org\/2000\/svg\" viewBox=\"0 0 512 512\"><path d=\"M512 165.4c0 127.9-70.05 235.3-175.3 270.1c-20.04 7.938-41.83 12.46-64.69 12.46c-64.9 0-125.2-36.51-155.7-94.47c-54.13 49.93-68.71 107-68.96 108.1C44.72 472.6 34.87 480 24.02 480c-1.844 0-3.727-.2187-5.602-.6562c-12.89-3.098-20.84-16.08-17.75-28.96c9.598-39.5 90.47-226.4 335.3-226.4C344.8 224 352 216.8 352 208S344.8 192 336 192C228.6 192 151 226.6 96.29 267.6c.1934-10.82 1.242-21.84 3.535-33.05c13.47-65.81 66.04-119 131.4-134.2c28.33-6.562 55.68-6.013 80.93-.0054c56 13.32 118.2-7.412 149.3-61.24c5.664-9.828 20.02-9.516 24.66 .8282C502.7 76.76 512 121.9 512 165.4z\"><\/path><\/svg><\/div><div class=\"uagb-ifb-title-wrap\"><h3 class=\"uagb-ifb-title\">Compromiso con el medio ambiente<\/h3><\/div><p class=\"uagb-ifb-desc\"><strong>Sistema constructivo con enfoque ecol\u00f3gico<\/strong>, uso racional del agua y preservaci\u00f3n de flora aut\u00f3ctona.<br>Limitaciones en alturas y vol\u00famenes para mantener las visuales.<br>Proyecto en v\u00edas de ser <strong>carbono neutro,<\/strong> con medici\u00f3n y compensaci\u00f3n de huella en desarrollo.<\/p><\/div><\/div>\n<\/div>\n<\/div><\/div>\n<\/div><\/div>\n\n\n\n<div data-aos= \"flip-up\" data-aos-duration=\"400\" data-aos-delay=\"0\" data-aos-easing=\"ease\" data-aos-once=\"true\" class=\"wp-block-uagb-container uagb-block-e562e6b9 alignfull uagb-is-root-container\"><div class=\"uagb-container-inner-blocks-wrap\">\n<div class=\"wp-block-uagb-container uagb-block-7c504b17 alignfull uagb-is-root-container\">\n<div class=\"wp-block-uagb-call-to-action uagb-block-0d4ddc0f wp-block-button\"><div class=\"uagb-cta__wrap\"><h3 class=\"uagb-cta__title\">Infraestructura pensada para tu futuro<\/h3><p class=\"uagb-cta__desc\">Todo lo que necesit\u00e1s para vivir, invertir y crecer en armon\u00eda con la naturaleza.<\/p><\/div><div class=\"uagb-cta__buttons\"><a href=\"https:\/\/winelandsmendoza.com\/contacto\/\" class=\"uagb-cta__button-link-wrapper wp-block-button__link\" target=\"_self\" rel=\"noopener noreferrer\">Quiero m\u00e1s informaci\u00f3n<\/a><\/div><\/div>\n<\/div>\n<\/div><\/div>\n","protected":false},"excerpt":{"rendered":"<p>AMENITIES ACTIVIDADES PARA DISFRUTAR EN FAMILIA Polo y \u00e1rea cuestre: Polo argentinoen su m\u00e1xima expresi\u00f3n. Tradici\u00f3n,elegancia y nivel internacional en unentorno natural incomparable. SUM \/ Club house: un espacio paracompartir, relajarse y disfrutar, convistas abiertas y arquitectura integradaal paisaje. Plazas y senderos: \u00e1reas de encuentroy recorridos para caminatas entrevi\u00f1edos y naturaleza aut\u00f3ctona. Laguna: un punto [&hellip;]<\/p>\n","protected":false},"author":1,"featured_media":0,"parent":0,"menu_order":0,"comment_status":"closed","ping_status":"closed","template":"","meta":{"_eb_attr":"","_uag_custom_page_level_css":"","site-sidebar-layout":"default","site-content-layout":"","ast-site-content-layout":"full-width-container","site-content-style":"default","site-sidebar-style":"default","ast-global-header-display":"","ast-banner-title-visibility":"","ast-main-header-display":"","ast-hfb-above-header-display":"","ast-hfb-below-header-display":"","ast-hfb-mobile-header-display":"","site-post-title":"disabled","ast-breadcrumbs-content":"","ast-featured-img":"","footer-sml-layout":"","ast-disable-related-posts":"","theme-transparent-header-meta":"disabled","adv-header-id-meta":"","stick-header-meta":"","header-above-stick-meta":"","header-main-stick-meta":"","header-below-stick-meta":"","astra-migrate-meta-layouts":"set","ast-page-background-enabled":"default","ast-page-background-meta":{"desktop":{"background-color":"","background-image":"","background-repeat":"repeat","background-position":"center center","background-size":"auto","background-attachment":"scroll","background-type":"","background-media":"","overlay-type":"","overlay-color":"","overlay-opacity":"","overlay-gradient":""},"tablet":{"background-color":"","background-image":"","background-repeat":"repeat","background-position":"center center","background-size":"auto","background-attachment":"scroll","background-type":"","background-media":"","overlay-type":"","overlay-color":"","overlay-opacity":"","overlay-gradient":""},"mobile":{"background-color":"","background-image":"","background-repeat":"repeat","background-position":"center center","background-size":"auto","background-attachment":"scroll","background-type":"","background-media":"","overlay-type":"","overlay-color":"","overlay-opacity":"","overlay-gradient":""}},"ast-content-background-meta":{"desktop":{"background-color":"var(--ast-global-color-5)","background-image":"","background-repeat":"repeat","background-position":"center center","background-size":"auto","background-attachment":"scroll","background-type":"","background-media":"","overlay-type":"","overlay-color":"","overlay-opacity":"","overlay-gradient":""},"tablet":{"background-color":"var(--ast-global-color-5)","background-image":"","background-repeat":"repeat","background-position":"center center","background-size":"auto","background-attachment":"scroll","background-type":"","background-media":"","overlay-type":"","overlay-color":"","overlay-opacity":"","overlay-gradient":""},"mobile":{"background-color":"var(--ast-global-color-5)","background-image":"","background-repeat":"repeat","background-position":"center center","background-size":"auto","background-attachment":"scroll","background-type":"","background-media":"","overlay-type":"","overlay-color":"","overlay-opacity":"","overlay-gradient":""}},"footnotes":""},"class_list":["post-2474","page","type-page","status-publish","hentry"],"uagb_featured_image_src":{"full":false,"thumbnail":false,"medium":false,"medium_large":false,"large":false,"1536x1536":false,"2048x2048":false,"trp-custom-language-flag":false},"uagb_author_info":{"display_name":"winlansmdz@gmail.com","author_link":"https:\/\/winelandsmendoza.com\/es\/author\/winlansmdzgmail-com\/"},"uagb_comment_info":0,"uagb_excerpt":"AMENITIES ACTIVIDADES PARA DISFRUTAR EN FAMILIA Polo y \u00e1rea cuestre: Polo argentinoen su m\u00e1xima expresi\u00f3n. Tradici\u00f3n,elegancia y nivel internacional en unentorno natural incomparable. SUM \/ Club house: un espacio paracompartir, relajarse y disfrutar, convistas abiertas y arquitectura integradaal paisaje. Plazas y senderos: \u00e1reas de encuentroy recorridos para caminatas entrevi\u00f1edos y naturaleza aut\u00f3ctona. Laguna: un punto&hellip;","_links":{"self":[{"href":"https:\/\/winelandsmendoza.com\/es\/wp-json\/wp\/v2\/pages\/2474","targetHints":{"allow":["GET"]}}],"collection":[{"href":"https:\/\/winelandsmendoza.com\/es\/wp-json\/wp\/v2\/pages"}],"about":[{"href":"https:\/\/winelandsmendoza.com\/es\/wp-json\/wp\/v2\/types\/page"}],"author":[{"embeddable":true,"href":"https:\/\/winelandsmendoza.com\/es\/wp-json\/wp\/v2\/users\/1"}],"replies":[{"embeddable":true,"href":"https:\/\/winelandsmendoza.com\/es\/wp-json\/wp\/v2\/comments?post=2474"}],"version-history":[{"count":66,"href":"https:\/\/winelandsmendoza.com\/es\/wp-json\/wp\/v2\/pages\/2474\/revisions"}],"predecessor-version":[{"id":2629,"href":"https:\/\/winelandsmendoza.com\/es\/wp-json\/wp\/v2\/pages\/2474\/revisions\/2629"}],"wp:attachment":[{"href":"https:\/\/winelandsmendoza.com\/es\/wp-json\/wp\/v2\/media?parent=2474"}],"curies":[{"name":"wp","href":"https:\/\/api.w.org\/{rel}","templated":true}]}}