{"id":914,"date":"2025-08-28T01:42:02","date_gmt":"2025-08-28T01:42:02","guid":{"rendered":"https:\/\/winelandsmendoza.com\/projects\/"},"modified":"2025-09-12T20:04:01","modified_gmt":"2025-09-12T20:04:01","slug":"miradores-del-golf","status":"publish","type":"page","link":"https:\/\/winelandsmendoza.com\/es\/miradores-del-golf\/","title":{"rendered":"Miradores del Golf"},"content":{"rendered":"\n<div class=\"wp-block-uagb-container uagb-block-71fc7b63 alignfull uagb-is-root-container\"><div class=\"uagb-container-inner-blocks-wrap\">\n<div class=\"wp-block-uagb-info-box uagb-block-9bc08d4a uagb-infobox__content-wrap  uagb-infobox-icon-above-title uagb-infobox-image-valign-top wp-block-uagb-info-box--has-margin\"><div class=\"uagb-infobox-margin-wrapper\"><div class=\"uagb-ifb-content\"><div class=\"uagb-ifb-title-wrap\"><h3 class=\"uagb-ifb-title\">MIRADORES DEL GOLF<\/h3><\/div><p class=\"uagb-ifb-desc\">23 LOTES EXCLUSIVOS DE M\u00c1S DE 2.000 M2<\/p><div class=\"uagb-ifb-button-wrapper wp-block-button\"><a href=\"#hoyo3\" class=\"uagb-infobox-cta-link wp-block-button__link\" target=\"_self\" rel=\"noopener noreferrer\" onclick=\"return true;\"><span class=\"uagb-inline-editing\">CONOCE M\u00c1S<\/span><\/a><\/div><\/div><\/div><\/div>\n<\/div><\/div>\n\n\n\n<div data-aos= \"flip-down\" data-aos-duration=\"400\" data-aos-delay=\"0\" data-aos-easing=\"ease\" data-aos-once=\"true\" id=\"hoyo3\" class=\"wp-block-uagb-container uagb-block-91676247 alignfull uagb-is-root-container\"><div class=\"uagb-container-inner-blocks-wrap\">\n<div class=\"wp-block-uagb-advanced-heading uagb-block-7e6f12d8\"><h2 class=\"uagb-heading-text\">VIVE FRENTE AL HOYO 3<\/h2><\/div>\n\n\n\n<div class=\"wp-block-uagb-container uagb-layout-flex uagb-block-4400e506 alignfull uagb-is-root-container\"><div class=\"uagb-container-inner-blocks-wrap\">\n<div class=\"wp-block-uagb-container uagb-layout-grid uagb-block-9ed9f7ef\">\n<div class=\"wp-block-uagb-container uagb-block-9d0557cb\">\n<div class=\"wp-block-uagb-image uagb-block-a2f6bd43 wp-block-uagb-image--layout-default wp-block-uagb-image--effect-zoomin wp-block-uagb-image--align-none\"><figure class=\"wp-block-uagb-image__figure\"><img loading=\"lazy\" decoding=\"async\" srcset=\"https:\/\/winelandsmendoza.com\/wp-content\/uploads\/2025\/09\/g1450.png ,https:\/\/winelandsmendoza.com\/wp-content\/uploads\/2025\/09\/g1450.png 780w, https:\/\/winelandsmendoza.com\/wp-content\/uploads\/2025\/09\/g1450.png 360w\" sizes=\"auto, (max-width: 480px) 150px\" src=\"https:\/\/winelandsmendoza.com\/wp-content\/uploads\/2025\/09\/g1450.png\" alt=\"\" class=\"uag-image-1895\" width=\"912\" height=\"692\" title=\"Miradores del Golf\" loading=\"lazy\" role=\"img\"\/><\/figure><\/div>\n<\/div>\n<\/div>\n\n\n\n<div class=\"wp-block-uagb-container uagb-layout-flex uagb-block-68b897c8\">\n<div class=\"wp-block-uagb-advanced-heading uagb-block-d2117617\"><h2 class=\"uagb-heading-text\">Miradores del Golf<\/h2><p class=\"uagb-desc-text\">Es el primer proyecto urban\u00edstico dentro de <strong>Winelands<\/strong>.<\/p><\/div>\n\n\n\n<div class=\"wp-block-uagb-advanced-heading uagb-block-571b1637\"><p class=\"uagb-desc-text\">El emprendimiento estar\u00e1 orientado hacia el <strong>hoyo 3<\/strong>, en el punto m\u00e1s alto del proyecto, proporcionando as\u00ed una <strong>vista de 180\u00b0<\/strong> de nuestra monta\u00f1a.<\/p><\/div>\n\n\n\n<div class=\"wp-block-uagb-advanced-heading uagb-block-84bd724b\"><p class=\"uagb-desc-text\">Se trata de 23 viviendas de lujo, en terrenos de m\u00e1s de 2.000 mts2, donde el campo de golf ser\u00e1 su protagonista.<\/p><\/div>\n<\/div>\n<\/div><\/div>\n<\/div><\/div>\n\n\n\n<div class=\"wp-block-uagb-container uagb-layout-flex uagb-block-b409c5ae alignfull uagb-is-root-container\"><div class=\"uagb-container-inner-blocks-wrap\">\n<div class=\"wp-block-uagb-container uagb-block-ce2786d8 alignfull uagb-is-root-container\"><div class=\"uagb-container-inner-blocks-wrap\">\n<div data-aos= \"fade-up\" data-aos-duration=\"400\" data-aos-delay=\"0\" data-aos-easing=\"ease\" data-aos-once=\"true\" class=\"wp-block-uagb-advanced-heading uagb-block-2489afe8\"><h2 class=\"uagb-heading-text\">BENEFICIOS<\/h2><\/div>\n<\/div><\/div>\n\n\n\n<div class=\"wp-block-uagb-container uagb-layout-flex uagb-block-07e988a9\">\n<div data-aos= \"flip-left\" data-aos-duration=\"400\" data-aos-delay=\"0\" data-aos-easing=\"ease\" data-aos-once=\"true\" class=\"wp-block-uagb-container uagb-block-877a53bc\">\n<div class=\"wp-block-uagb-info-box uagb-block-9bbc4c40 uagb-infobox__content-wrap  uagb-infobox-icon-above-title uagb-infobox-image-valign-top wp-block-uagb-info-box--has-margin\"><div class=\"uagb-infobox-margin-wrapper\"><div class=\"uagb-ifb-content\"><div class=\"uagb-ifb-icon-wrap\"><svg xmlns=\"https:\/\/www.w3.org\/2000\/svg\" viewBox=\"0 0 512 512\"><path d=\"M480 32C497.7 32 512 46.33 512 64C512 81.67 497.7 96 480 96H32C14.33 96 0 81.67 0 64C0 46.33 14.33 32 32 32H480zM32 128H480V416C497.7 416 512 430.3 512 448C512 465.7 497.7 480 480 480H352V352C352 298.1 309 256 256 256C202.1 256 160 298.1 160 352V480H32C14.33 480 0 465.7 0 448C0 430.3 14.33 416 32 416V128z\"><\/path><\/svg><\/div><div class=\"uagb-ifb-title-wrap\"><h3 class=\"uagb-ifb-title\">Barrio Privado<\/h3><\/div><p class=\"uagb-ifb-desc\">Pensado al detalle y en<br>un entorno privilegiado, con el <strong>Cord\u00f3n del Plata<\/strong> como testigo de una vida.<\/p><\/div><\/div><\/div>\n<\/div>\n\n\n\n<div data-aos= \"flip-left\" data-aos-duration=\"400\" data-aos-delay=\"0\" data-aos-easing=\"ease\" data-aos-once=\"true\" class=\"wp-block-uagb-container uagb-block-14f88899\">\n<div class=\"wp-block-uagb-info-box uagb-block-096ddc51 uagb-infobox__content-wrap  uagb-infobox-icon-above-title uagb-infobox-image-valign-top wp-block-uagb-info-box--has-margin\"><div class=\"uagb-infobox-margin-wrapper\"><div class=\"uagb-ifb-content\"><div class=\"uagb-ifb-icon-wrap\"><svg xmlns=\"https:\/\/www.w3.org\/2000\/svg\" viewBox=\"0 0 640 512\"><path d=\"M480 80C480 35.82 515.8 0 560 0C604.2 0 640 35.82 640 80C640 124.2 604.2 160 560 160C515.8 160 480 124.2 480 80zM0 456.1C0 445.6 2.964 435.3 8.551 426.4L225.3 81.01C231.9 70.42 243.5 64 256 64C268.5 64 280.1 70.42 286.8 81.01L412.7 281.7L460.9 202.7C464.1 196.1 472.2 192 480 192C487.8 192 495 196.1 499.1 202.7L631.1 419.1C636.9 428.6 640 439.7 640 450.9C640 484.6 612.6 512 578.9 512H55.91C25.03 512 .0006 486.1 .0006 456.1L0 456.1z\"><\/path><\/svg><\/div><div class=\"uagb-ifb-title-wrap\"><h3 class=\"uagb-ifb-title\">Paisajismo de dise\u00f1o<\/h3><\/div><p class=\"uagb-ifb-desc\">Rodeado de vi\u00f1edos y un entorno natural y preservado, con <strong>forestaci\u00f3n aut\u00f3ctona<\/strong>.<\/p><\/div><\/div><\/div>\n<\/div>\n\n\n\n<div data-aos= \"flip-left\" data-aos-duration=\"400\" data-aos-delay=\"0\" data-aos-easing=\"ease\" data-aos-once=\"true\" class=\"wp-block-uagb-container uagb-block-af71fcde\">\n<div class=\"wp-block-uagb-info-box uagb-block-2a20951f uagb-infobox__content-wrap  uagb-infobox-icon-above-title uagb-infobox-image-valign-top wp-block-uagb-info-box--has-margin\"><div class=\"uagb-infobox-margin-wrapper\"><div class=\"uagb-ifb-content\"><div class=\"uagb-ifb-icon-wrap\"><svg xmlns=\"https:\/\/www.w3.org\/2000\/svg\" viewBox=\"0 0 640 512\"><path d=\"M0 155.2C0 147.9 2.153 140.8 6.188 134.7L81.75 21.37C90.65 8.021 105.6 0 121.7 0H518.3C534.4 0 549.3 8.021 558.2 21.37L633.8 134.7C637.8 140.8 640 147.9 640 155.2C640 175.5 623.5 192 603.2 192H36.84C16.5 192 .0003 175.5 .0003 155.2H0zM64 224H128V384H320V224H384V464C384 490.5 362.5 512 336 512H112C85.49 512 64 490.5 64 464V224zM512 224H576V480C576 497.7 561.7 512 544 512C526.3 512 512 497.7 512 480V224z\"><\/path><\/svg><\/div><div class=\"uagb-ifb-title-wrap\"><h3 class=\"uagb-ifb-title\">Paseo comercial<\/h3><\/div><p class=\"uagb-ifb-desc\">Bodegas, un paseo<br>comercial y <strong>propuestas gastron\u00f3micas<\/strong>.<\/p><\/div><\/div><\/div>\n<\/div>\n<\/div>\n<\/div><\/div>\n\n\n\n<div data-aos= \"flip-down\" data-aos-duration=\"400\" data-aos-delay=\"0\" data-aos-easing=\"ease\" data-aos-once=\"true\" class=\"wp-block-uagb-container uagb-block-3e3b0b2f alignfull uagb-is-root-container\"><div class=\"uagb-container-inner-blocks-wrap\">\n<div class=\"wp-block-uagb-advanced-heading uagb-block-2f780d89\"><h2 class=\"uagb-heading-text\">GALER\u00cdA<\/h2><\/div>\n\n\n\t\t\t\t\t<div\n\t\t\t\t\t\tclass=\"wp-block-uagb-image-gallery uagb-block-dab747da     \"\n\t\t\t\t\t\tstyle=\"\"\n\t\t\t\t\t>\n\t\t\t\t\t\t\t\t\t\t\t<div class=\"spectra-image-gallery spectra-image-gallery__layout--masonry spectra-image-gallery__layout--masonry-col-3 spectra-image-gallery__layout--masonry-col-tab-3 spectra-image-gallery__layout--masonry-col-mob-1\">\n\t\t\t\t\t\t\t\t\t\t\t<div class='spectra-image-gallery__media-wrapper--isotope'>\n\t\t\t\t\t\t\t<div class='spectra-image-gallery__media-wrapper' data-spectra-gallery-image-id='1896' tabindex=\"0\">\n\t\t\t\t\t\t\t<div class=\"spectra-image-gallery__media spectra-image-gallery__media--masonry\">\n\t\t\t\t<picture>\n\t\t\t\t\t<source media=\"(min-width: 1024px)\" srcset=\"https:\/\/winelandsmendoza.com\/wp-content\/uploads\/2025\/09\/g1474-1024x776.png\">\n\t\t\t\t\t<source media=\"(min-width: 768px)\" srcset=\"https:\/\/winelandsmendoza.com\/wp-content\/uploads\/2025\/09\/g1474-1024x776.png\">\n\t\t\t\t\t<img decoding=\"async\" class=\"spectra-image-gallery__media-thumbnail spectra-image-gallery__media-thumbnail--masonry\" src=\"https:\/\/winelandsmendoza.com\/wp-content\/uploads\/2025\/09\/g1474.png\" alt=\"\" loading=\"lazy\" \/>\n\t\t\t\t<\/picture>\n\t\t\t\t<div class=\"spectra-image-gallery__media-thumbnail-blurrer\"><\/div>\n\t\t\t\t\t\t\t\t\t\t\t<div class=\"spectra-image-gallery__media-thumbnail-caption-wrapper spectra-image-gallery__media-thumbnail-caption-wrapper--overlay\"><\/div>\n\t\t\t\t\t\t\t\t<\/div>\n\t\t\t\t\t\t<\/div>\n\t\t\t\t\t\t<\/div>\n\t\t\t\t\t\t<div class='spectra-image-gallery__media-wrapper--isotope'>\n\t\t\t\t\t\t\t<div class='spectra-image-gallery__media-wrapper' data-spectra-gallery-image-id='1895' tabindex=\"0\">\n\t\t\t\t\t\t\t<div class=\"spectra-image-gallery__media spectra-image-gallery__media--masonry\">\n\t\t\t\t<picture>\n\t\t\t\t\t<source media=\"(min-width: 1024px)\" srcset=\"https:\/\/winelandsmendoza.com\/wp-content\/uploads\/2025\/09\/g1450-1024x776.png\">\n\t\t\t\t\t<source media=\"(min-width: 768px)\" srcset=\"https:\/\/winelandsmendoza.com\/wp-content\/uploads\/2025\/09\/g1450-1024x776.png\">\n\t\t\t\t\t<img decoding=\"async\" class=\"spectra-image-gallery__media-thumbnail spectra-image-gallery__media-thumbnail--masonry\" src=\"https:\/\/winelandsmendoza.com\/wp-content\/uploads\/2025\/09\/g1450.png\" alt=\"\" loading=\"lazy\" \/>\n\t\t\t\t<\/picture>\n\t\t\t\t<div class=\"spectra-image-gallery__media-thumbnail-blurrer\"><\/div>\n\t\t\t\t\t\t\t\t\t\t\t<div class=\"spectra-image-gallery__media-thumbnail-caption-wrapper spectra-image-gallery__media-thumbnail-caption-wrapper--overlay\"><\/div>\n\t\t\t\t\t\t\t\t<\/div>\n\t\t\t\t\t\t<\/div>\n\t\t\t\t\t\t<\/div>\n\t\t\t\t\t\t<div class='spectra-image-gallery__media-wrapper--isotope'>\n\t\t\t\t\t\t\t<div class='spectra-image-gallery__media-wrapper' data-spectra-gallery-image-id='1894' tabindex=\"0\">\n\t\t\t\t\t\t\t<div class=\"spectra-image-gallery__media spectra-image-gallery__media--masonry\">\n\t\t\t\t<picture>\n\t\t\t\t\t<source media=\"(min-width: 1024px)\" srcset=\"https:\/\/winelandsmendoza.com\/wp-content\/uploads\/2025\/09\/g1429-1024x776.png\">\n\t\t\t\t\t<source media=\"(min-width: 768px)\" srcset=\"https:\/\/winelandsmendoza.com\/wp-content\/uploads\/2025\/09\/g1429-1024x776.png\">\n\t\t\t\t\t<img decoding=\"async\" class=\"spectra-image-gallery__media-thumbnail spectra-image-gallery__media-thumbnail--masonry\" src=\"https:\/\/winelandsmendoza.com\/wp-content\/uploads\/2025\/09\/g1429.png\" alt=\"\" loading=\"lazy\" \/>\n\t\t\t\t<\/picture>\n\t\t\t\t<div class=\"spectra-image-gallery__media-thumbnail-blurrer\"><\/div>\n\t\t\t\t\t\t\t\t\t\t\t<div class=\"spectra-image-gallery__media-thumbnail-caption-wrapper spectra-image-gallery__media-thumbnail-caption-wrapper--overlay\"><\/div>\n\t\t\t\t\t\t\t\t<\/div>\n\t\t\t\t\t\t<\/div>\n\t\t\t\t\t\t<\/div>\n\t\t\t\t\t\t\t\t\t\t<\/div>\n\t\t\t\t\t\t\t\t\t\t\t\t\t\t\t\t\t\t<\/div>\n\t\t\t\t\t\t\t\t\t\t\t<div class='spectra-image-gallery__control-lightbox' tabindex='0'>\n\t\t\t\t\t\t\t\t\t\t\t<div class=\"swiper spectra-image-gallery__control-lightbox--main\" dir=\"\">\n\t\t\t\t\t<div class=\"swiper-wrapper\">\n\t\t\t\t\t\t\t\t\t\t\t\t\t\n\t\t\t\t\t\t\t<div class=\"swiper-slide\">\n\t\t\t\t\t\t\t\t<img class=\"swiper-lazy\" data-src=\"https:\/\/winelandsmendoza.com\/wp-content\/uploads\/2025\/09\/g1474.png\" alt=\"\"\/>\n\t\t\t\t\t\t\t\t<div class=\"swiper-lazy-preloader swiper-lazy-preloader-white\"><\/div>\n\t\t\t\t\t\t\t\t\t\t\t\t\t\t\t<\/div>\n\t\t\t\t\t\t\t\t\t\t\t\t\t\n\t\t\t\t\t\t\t<div class=\"swiper-slide\">\n\t\t\t\t\t\t\t\t<img class=\"swiper-lazy\" data-src=\"https:\/\/winelandsmendoza.com\/wp-content\/uploads\/2025\/09\/g1450.png\" alt=\"\"\/>\n\t\t\t\t\t\t\t\t<div class=\"swiper-lazy-preloader swiper-lazy-preloader-white\"><\/div>\n\t\t\t\t\t\t\t\t\t\t\t\t\t\t\t<\/div>\n\t\t\t\t\t\t\t\t\t\t\t\t\t\n\t\t\t\t\t\t\t<div class=\"swiper-slide\">\n\t\t\t\t\t\t\t\t<img class=\"swiper-lazy\" data-src=\"https:\/\/winelandsmendoza.com\/wp-content\/uploads\/2025\/09\/g1429.png\" alt=\"\"\/>\n\t\t\t\t\t\t\t\t<div class=\"swiper-lazy-preloader swiper-lazy-preloader-white\"><\/div>\n\t\t\t\t\t\t\t\t\t\t\t\t\t\t\t<\/div>\n\t\t\t\t\t\t\t\t\t\t\t<\/div>\n\t\t\t\t\t<div class=\"swiper-button-next\"><\/div>\n\t\t\t\t\t<div class=\"swiper-button-prev\"><\/div>\n\t\t\t\t<\/div>\t\t\t\n\t\t\t\t\t\t\t\t\t\t\t\t\t\t\t\t\t\t\t\t\t\t\t\t\t\t\t\t\t\t\t\t<button class='spectra-image-gallery__control-lightbox--close' aria-label=\"Close\">\n\t\t\t\t\t\t\t\t\t\t\t\t\t<svg xmlns=\"https:\/\/www.w3.org\/2000\/svg\" viewBox= \"0 0 320 512\"><path d=\"M310.6 361.4c12.5 12.5 12.5 32.75 0 45.25C304.4 412.9 296.2 416 288 416s-16.38-3.125-22.62-9.375L160 301.3L54.63 406.6C48.38 412.9 40.19 416 32 416S15.63 412.9 9.375 406.6c-12.5-12.5-12.5-32.75 0-45.25l105.4-105.4L9.375 150.6c-12.5-12.5-12.5-32.75 0-45.25s32.75-12.5 45.25 0L160 210.8l105.4-105.4c12.5-12.5 32.75-12.5 45.25 0s12.5 32.75 0 45.25l-105.4 105.4L310.6 361.4z\"><\/path><\/svg>\n\t\t\t\t\t\t\t\t\t\t\t\t<\/button>\n\t\t\t\t\t\t\t\t\t\t\t\t\t<\/div>\n\t\t\t\t\t\t\t\t\t<\/div><\/div>\n\n\n\n<div data-aos= \"flip-right\" data-aos-duration=\"400\" data-aos-delay=\"0\" data-aos-easing=\"ease\" data-aos-once=\"true\" class=\"wp-block-uagb-container uagb-block-e562e6b9 alignfull uagb-is-root-container\"><div class=\"uagb-container-inner-blocks-wrap\">\n<div class=\"wp-block-uagb-container uagb-block-7c504b17 alignfull uagb-is-root-container\">\n<div class=\"wp-block-uagb-call-to-action uagb-block-0d4ddc0f wp-block-button\"><div class=\"uagb-cta__wrap\"><h3 class=\"uagb-cta__title\">Tu lote exclusivo en Miradores del Golf<\/h3><p class=\"uagb-cta__desc\">Invert\u00ed en un <strong>barrio privado \u00fanico<\/strong> rodeado de naturaleza: seguridad, forestaci\u00f3n aut\u00f3ctona y entorno natural premium.<\/p><\/div><div class=\"uagb-cta__buttons\"><a href=\"https:\/\/winelandsmendoza.com\/contacto\/\" class=\"uagb-cta__button-link-wrapper wp-block-button__link\" target=\"_self\" rel=\"noopener noreferrer\">Quiero m\u00e1s informaci\u00f3n<\/a><\/div><\/div>\n<\/div>\n<\/div><\/div>\n","protected":false},"excerpt":{"rendered":"<p>VIVE FRENTE AL HOYO 3 Miradores del Golf Es el primer proyecto urban\u00edstico dentro de Winelands. El emprendimiento estar\u00e1 orientado hacia el hoyo 3, en el punto m\u00e1s alto del proyecto, proporcionando as\u00ed una vista de 180\u00b0 de nuestra monta\u00f1a. Se trata de 23 viviendas de lujo, en terrenos de m\u00e1s de 2.000 mts2, donde [&hellip;]<\/p>\n","protected":false},"author":1,"featured_media":0,"parent":0,"menu_order":0,"comment_status":"closed","ping_status":"closed","template":"","meta":{"_eb_attr":"","_uag_custom_page_level_css":"","site-sidebar-layout":"no-sidebar","site-content-layout":"plain-container","ast-site-content-layout":"full-width-container","site-content-style":"unboxed","site-sidebar-style":"unboxed","ast-global-header-display":"","ast-banner-title-visibility":"","ast-main-header-display":"","ast-hfb-above-header-display":"","ast-hfb-below-header-display":"","ast-hfb-mobile-header-display":"","site-post-title":"disabled","ast-breadcrumbs-content":"","ast-featured-img":"","footer-sml-layout":"","ast-disable-related-posts":"","theme-transparent-header-meta":"disabled","adv-header-id-meta":"","stick-header-meta":"","header-above-stick-meta":"","header-main-stick-meta":"","header-below-stick-meta":"","astra-migrate-meta-layouts":"set","ast-page-background-enabled":"default","ast-page-background-meta":{"desktop":{"background-color":"","background-image":"","background-repeat":"repeat","background-position":"center center","background-size":"auto","background-attachment":"scroll","background-type":"","background-media":"","overlay-type":"","overlay-color":"","overlay-opacity":"","overlay-gradient":""},"tablet":{"background-color":"","background-image":"","background-repeat":"repeat","background-position":"center center","background-size":"auto","background-attachment":"scroll","background-type":"","background-media":"","overlay-type":"","overlay-color":"","overlay-opacity":"","overlay-gradient":""},"mobile":{"background-color":"","background-image":"","background-repeat":"repeat","background-position":"center center","background-size":"auto","background-attachment":"scroll","background-type":"","background-media":"","overlay-type":"","overlay-color":"","overlay-opacity":"","overlay-gradient":""}},"ast-content-background-meta":{"desktop":{"background-color":"var(--ast-global-color-5)","background-image":"","background-repeat":"repeat","background-position":"center center","background-size":"auto","background-attachment":"scroll","background-type":"","background-media":"","overlay-type":"","overlay-color":"","overlay-opacity":"","overlay-gradient":""},"tablet":{"background-color":"var(--ast-global-color-5)","background-image":"","background-repeat":"repeat","background-position":"center center","background-size":"auto","background-attachment":"scroll","background-type":"","background-media":"","overlay-type":"","overlay-color":"","overlay-opacity":"","overlay-gradient":""},"mobile":{"background-color":"var(--ast-global-color-5)","background-image":"","background-repeat":"repeat","background-position":"center center","background-size":"auto","background-attachment":"scroll","background-type":"","background-media":"","overlay-type":"","overlay-color":"","overlay-opacity":"","overlay-gradient":""}},"footnotes":""},"class_list":["post-914","page","type-page","status-publish","hentry"],"uagb_featured_image_src":{"full":false,"thumbnail":false,"medium":false,"medium_large":false,"large":false,"1536x1536":false,"2048x2048":false,"trp-custom-language-flag":false},"uagb_author_info":{"display_name":"winlansmdz@gmail.com","author_link":"https:\/\/winelandsmendoza.com\/es\/author\/winlansmdzgmail-com\/"},"uagb_comment_info":0,"uagb_excerpt":"VIVE FRENTE AL HOYO 3 Miradores del Golf Es el primer proyecto urban\u00edstico dentro de Winelands. El emprendimiento estar\u00e1 orientado hacia el hoyo 3, en el punto m\u00e1s alto del proyecto, proporcionando as\u00ed una vista de 180\u00b0 de nuestra monta\u00f1a. Se trata de 23 viviendas de lujo, en terrenos de m\u00e1s de 2.000 mts2, donde&hellip;","_links":{"self":[{"href":"https:\/\/winelandsmendoza.com\/es\/wp-json\/wp\/v2\/pages\/914","targetHints":{"allow":["GET"]}}],"collection":[{"href":"https:\/\/winelandsmendoza.com\/es\/wp-json\/wp\/v2\/pages"}],"about":[{"href":"https:\/\/winelandsmendoza.com\/es\/wp-json\/wp\/v2\/types\/page"}],"author":[{"embeddable":true,"href":"https:\/\/winelandsmendoza.com\/es\/wp-json\/wp\/v2\/users\/1"}],"replies":[{"embeddable":true,"href":"https:\/\/winelandsmendoza.com\/es\/wp-json\/wp\/v2\/comments?post=914"}],"version-history":[{"count":116,"href":"https:\/\/winelandsmendoza.com\/es\/wp-json\/wp\/v2\/pages\/914\/revisions"}],"predecessor-version":[{"id":2599,"href":"https:\/\/winelandsmendoza.com\/es\/wp-json\/wp\/v2\/pages\/914\/revisions\/2599"}],"wp:attachment":[{"href":"https:\/\/winelandsmendoza.com\/es\/wp-json\/wp\/v2\/media?parent=914"}],"curies":[{"name":"wp","href":"https:\/\/api.w.org\/{rel}","templated":true}]}}